{"id":966,"date":"2026-03-19T17:31:46","date_gmt":"2026-03-19T16:31:46","guid":{"rendered":"https:\/\/mauriceandrecompetition.com\/?page_id=966"},"modified":"2026-03-21T16:30:36","modified_gmt":"2026-03-21T15:30:36","slug":"apply-form","status":"publish","type":"page","link":"https:\/\/mauriceandrecompetition.com\/es\/apply-form\/","title":{"rendered":"FORMULARIO DE SOLICITUD"},"content":{"rendered":"<div class='fluentform ff-default fluentform_wrapper_3 ffs_default_wrap'><form data-form_id=\"3\" id=\"fluentform_3\" class=\"frm-fluent-form fluent_form_3 ff-el-form-top ff_form_instance_3_1 ff-form-loading ff_has_stripe_inline fluentform_has_payment ffs_default\" data-form_instance=\"ff_form_instance_3_1\" method=\"POST\" ><fieldset  style=\"border: none!important;margin: 0!important;padding: 0!important;background-color: transparent!important;box-shadow: none!important;outline: none!important; min-inline-size: 100%;\">\n                    <legend class=\"ff_screen_reader_title\" style=\"display: block; margin: 0!important;padding: 0!important;height: 0!important;text-indent: -999999px;width: 0!important;overflow:hidden;\">Inscription - Concours Maurice Andr\u00e9 2027<\/legend><input type='hidden' name='__fluent_form_embded_post_id' value='966' \/><input type=\"hidden\" id=\"_fluentform_3_fluentformnonce\" name=\"_fluentform_3_fluentformnonce\" value=\"85279bba5d\" \/><input type=\"hidden\" name=\"_wp_http_referer\" value=\"\/es\/wp-json\/wp\/v2\/pages\/966\" \/><div data-type=\"name-element\" data-name=\"names\" class=\" ff-field_container ff-name-field-wrapper\" ><div class='ff-t-container'><div class='ff-t-cell '><div class='ff-el-group'><div class=\"ff-el-input--label ff-el-is-required asterisk-right\"><label for='ff_3_names_first_name_' id='label_ff_3_names_first_name_' >Pr\u00e9nom<\/label><\/div><div class='ff-el-input--content'><input type=\"text\" name=\"names[first_name]\" id=\"ff_3_names_first_name_\" class=\"ff-el-form-control\" aria-invalid=\"false\" aria-required=true><\/div><\/div><\/div><div class='ff-t-cell '><div class='ff-el-group'><div class=\"ff-el-input--label asterisk-right\"><label for='ff_3_names_last_name_' id='label_ff_3_names_last_name_' >Nom<\/label><\/div><div class='ff-el-input--content'><input type=\"text\" name=\"names[last_name]\" id=\"ff_3_names_last_name_\" class=\"ff-el-form-control\" aria-invalid=\"false\" aria-required=false><\/div><\/div><\/div><\/div><\/div><div class='ff-el-group'><div class=\"ff-el-input--label ff-el-is-required asterisk-right\"><label for='ff_3_datetime' id='label_ff_3_datetime' aria-label=\"Date de naissance\">Date de naissance <\/label><\/div><div class='ff-el-input--content'><input  aria-label='Date de naissance  Usa las flechas para navegar por las fechas. Pulsa Intro para seleccionar una fecha.'  aria-haspopup='dialog' data-type-datepicker data-format='d\/m\/Y' type=\"text\" name=\"datetime\" id=\"ff_3_datetime\" class=\"ff-el-form-control ff-el-datepicker\" data-name=\"datetime\"  aria-invalid='false' aria-required=true><\/div><\/div><div class='ff-el-group'><div class=\"ff-el-input--label ff-el-is-required asterisk-right\"><label for='ff_3_subject' id='label_ff_3_subject' aria-label=\"Nationalit\u00e9\">Nationalit\u00e9<\/label><\/div><div class='ff-el-input--content'><input type=\"text\" name=\"subject\" class=\"ff-el-form-control\" placeholder=\"Type your subject\" data-name=\"subject\" id=\"ff_3_subject\"  aria-invalid=\"false\" aria-required=true><\/div><\/div><div class='ff-el-group'><div class=\"ff-el-input--label ff-el-is-required asterisk-right\"><label for='ff_3_email' id='label_ff_3_email' aria-label=\"Email\">Email<\/label><\/div><div class='ff-el-input--content'><input type=\"email\" name=\"email\" id=\"ff_3_email\" class=\"ff-el-form-control\" placeholder=\"you@domain.com\" data-name=\"email\"  aria-invalid=\"false\" aria-required=true><\/div><\/div><div class='ff-el-group'><div class=\"ff-el-input--label ff-el-is-required asterisk-right\"><label for='ff_3_email_1' id='label_ff_3_email_1' aria-label=\"Num\u00e9ro de t\u00e9l\u00e9phone\">Num\u00e9ro de t\u00e9l\u00e9phone<\/label><\/div><div class='ff-el-input--content'><input type=\"email\" name=\"email_1\" id=\"ff_3_email_1\" class=\"ff-el-form-control\" placeholder=\"(+33)\" data-name=\"email_1\"  aria-invalid=\"false\" aria-required=true><\/div><\/div><div class='ff-el-group'><div class=\"ff-el-input--label asterisk-right\"><label for='ff_3_dropdown' id='label_ff_3_dropdown' aria-label=\"Langue de communication\">Langue de communication<\/label><\/div><div class='ff-el-input--content'><select name=\"dropdown\" id=\"ff_3_dropdown\" class=\"ff-el-form-control\" data-name=\"dropdown\" data-calc_value=\"0\"  aria-invalid=\"false\" aria-required=\"false\" aria-labelledby=\"label_ff_3_dropdown\"><option value=\"\">- Select -<\/option><option value=\"Fran\u00e7ais\"  >Fran\u00e7ais<\/option><option value=\"Anglais\"  >Anglais<\/option><\/select><\/div><\/div><div class='ff-el-group'><div class=\"ff-el-input--label asterisk-right\"><label for='ff_3_input_text' id='label_ff_3_input_text' aria-label=\"Instrument\">Instrument<\/label><\/div><div class='ff-el-input--content'><input type=\"text\" name=\"input_text\" class=\"ff-el-form-control\" data-name=\"input_text\" id=\"ff_3_input_text\"  aria-invalid=\"false\" aria-required=false><\/div><\/div><div class='ff-el-group'><div class=\"ff-el-input--label ff-el-is-required asterisk-right\"><label   aria-label=\"Pr\u00e9-s\u00e9lection : choix 1 pi\u00e8ce pour trompette en UT\">Pr\u00e9-s\u00e9lection : choix 1 pi\u00e8ce pour trompette en UT<\/label><\/div><div class='ff-el-input--content'><div class='ff-el-form-check ff-el-form-check-'><label class='ff-el-form-check-label' for='checkbox_1_b655a72192fe0144146387a2ec0dc63a'><input  type=\"checkbox\" name=\"checkbox_1[]\" data-name=\"checkbox_1\" class=\"ff-el-form-check-input ff-el-form-check-checkbox\" value=\"Henri Tomasi, Concerto pour trompette (1er mouvement)\"  id='checkbox_1_b655a72192fe0144146387a2ec0dc63a' aria-label='Henri Tomasi, Concerto pour trompette (1er mouvement)' aria-invalid='false' aria-required=true> <span>Henri Tomasi, Concerto pour trompette (1er mouvement)<\/span><\/label><\/div><div class='ff-el-form-check ff-el-form-check-'><label class='ff-el-form-check-label' for='checkbox_1_7c9a2c78b445d9acd546fcb77bd32937'><input  type=\"checkbox\" name=\"checkbox_1[]\" data-name=\"checkbox_1\" class=\"ff-el-form-check-input ff-el-form-check-checkbox\" value=\"Jean Fran\u00e7aix, Sonatine \"  id='checkbox_1_7c9a2c78b445d9acd546fcb77bd32937' aria-label='Jean Fran\u00e7aix, Sonatine' aria-invalid='false' aria-required=true> <span>Jean Fran\u00e7aix, Sonatine <\/span><\/label><\/div><\/div><\/div><div class='ff-el-group'><div class=\"ff-el-input--label ff-el-is-required asterisk-right\"><label   aria-label=\"Pr\u00e9-s\u00e9lection : choix 2 pi\u00e8ce pour trompette piccolo\">Pr\u00e9-s\u00e9lection : choix 2 pi\u00e8ce pour trompette piccolo <\/label><\/div><div class='ff-el-input--content'><div class='ff-el-form-check ff-el-form-check-'><label class='ff-el-form-check-label' for='checkbox_4ad05b2badfe581269f5fea374274db7'><input  type=\"checkbox\" name=\"checkbox[]\" data-name=\"checkbox\" class=\"ff-el-form-check-input ff-el-form-check-checkbox\" value=\"Georg Philipp Telemann, Concerto en R\u00e9 Majeur, 1er mouvement (Adagio) TWV 51:D7\"  id='checkbox_4ad05b2badfe581269f5fea374274db7' aria-label='Georg Philipp Telemann, Concerto en R\u00e9 Majeur, 1er mouvement (Adagio) TWV 51:D7' aria-invalid='false' aria-required=true> <span>Georg Philipp Telemann, Concerto en R\u00e9 Majeur, 1er mouvement (Adagio) TWV 51:D7<\/span><\/label><\/div><div class='ff-el-form-check ff-el-form-check-'><label class='ff-el-form-check-label' for='checkbox_3d8693311c2e355414146684dde78106'><input  type=\"checkbox\" name=\"checkbox[]\" data-name=\"checkbox\" class=\"ff-el-form-check-input ff-el-form-check-checkbox\" value=\"Leopold Mozart, Concerto en R\u00e9 Majeur, 1er mouvement (Adagio) LMW IX:13\"  id='checkbox_3d8693311c2e355414146684dde78106' aria-label='Leopold Mozart, Concerto en R\u00e9 Majeur, 1er mouvement (Adagio) LMW IX:13' aria-invalid='false' aria-required=true> <span>Leopold Mozart, Concerto en R\u00e9 Majeur, 1er mouvement (Adagio) LMW IX:13<\/span><\/label><\/div><\/div><\/div><div class='ff-el-group'><div class=\"ff-el-input--label ff-el-is-required asterisk-right\"><label for='ff_3_file-upload_1' id='label_ff_3_file-upload_1' aria-label=\"Pi\u00e8ce d&#039;identit\u00e9 officielle\">Pi\u00e8ce d'identit\u00e9 officielle<\/label><\/div><div class='ff-el-input--content'><label for='ff_3_file-upload_1' class='ff_file_upload_holder'><span class='ff_upload_btn ff-btn' tabindex='0'>Choose File<\/span> <input type=\"file\" name=\"file-upload\" id=\"ff_3_file-upload_1\" class=\"ff-el-form-control  ff-screen-reader-element\" data-name=\"file-upload\" multiple=\"1\"  aria-invalid='false' aria-required=true><\/label><\/div><\/div><div class='ff-el-group'><div class=\"ff-el-input--label ff-el-is-required asterisk-right\"><label for='ff_3_file-upload_1_1' id='label_ff_3_file-upload_1_1' aria-label=\"Curriculum vitae Artistique\">Curriculum vitae Artistique<\/label><\/div><div class='ff-el-input--content'><label for='ff_3_file-upload_1_1' class='ff_file_upload_holder'><span class='ff_upload_btn ff-btn' tabindex='0'>Choose File<\/span> <input type=\"file\" name=\"file-upload_1\" id=\"ff_3_file-upload_1_1\" class=\"ff-el-form-control  ff-screen-reader-element\" data-name=\"file-upload_1\" multiple=\"1\"  aria-invalid='false' aria-required=true><\/label><\/div><\/div><div class='ff-el-group'><div class=\"ff-el-input--label ff-el-is-required asterisk-right\"><label for='ff_3_file-upload_2_1' id='label_ff_3_file-upload_2_1' aria-label=\"Photo professionnelle HD avec instrument\">Photo professionnelle HD avec instrument <\/label><\/div><div class='ff-el-input--content'><label for='ff_3_file-upload_2_1' class='ff_file_upload_holder'><span class='ff_upload_btn ff-btn' tabindex='0'>Choose File<\/span> <input type=\"file\" name=\"file-upload_2\" id=\"ff_3_file-upload_2_1\" class=\"ff-el-form-control  ff-screen-reader-element\" data-name=\"file-upload_2\" multiple=\"1\"  aria-invalid='false' aria-required=true><\/label><\/div><\/div><div class='ff-el-group'><div class=\"ff-el-input--label asterisk-right\"><label for='ff_3_file-upload_3_1' id='label_ff_3_file-upload_3_1' aria-label=\"Autorisation parentale (si candidat mineur &lt; 18 ans)\">Autorisation parentale (si candidat mineur &lt; 18 ans) <\/label><\/div><div class='ff-el-input--content'><label for='ff_3_file-upload_3_1' class='ff_file_upload_holder'><span class='ff_upload_btn ff-btn' tabindex='0'>Choose File<\/span> <input type=\"file\" name=\"file-upload_3\" id=\"ff_3_file-upload_3_1\" class=\"ff-el-form-control  ff-screen-reader-element\" data-name=\"file-upload_3\" multiple=\"1\"  aria-invalid='false' aria-required=false><\/label><\/div><\/div><div class='ff-el-group'><div class=\"ff-el-input--label ff-el-is-required asterisk-right\"><label   aria-label=\"Le candidat a-t-il besoin d&#039;un visa ?\">Le candidat a-t-il besoin d'un visa ?<\/label><\/div><div class='ff-el-input--content'><div class='ff-el-form-check ff-el-form-check-'><label class='ff-el-form-check-label' for='checkbox_2_1da00a86e115c468211da78e1a19d3ed'><input  type=\"checkbox\" name=\"checkbox_2[]\" data-name=\"checkbox_2\" class=\"ff-el-form-check-input ff-el-form-check-checkbox\" value=\"Oui\"  id='checkbox_2_1da00a86e115c468211da78e1a19d3ed' aria-label='Oui' aria-invalid='false' aria-required=true> <span>Oui<\/span><\/label><\/div><div class='ff-el-form-check ff-el-form-check-'><label class='ff-el-form-check-label' for='checkbox_2_4e17180113290dc42c8a23e98bc1e2dd'><input  type=\"checkbox\" name=\"checkbox_2[]\" data-name=\"checkbox_2\" class=\"ff-el-form-check-input ff-el-form-check-checkbox\" value=\"Non\"  id='checkbox_2_4e17180113290dc42c8a23e98bc1e2dd' aria-label='Non' aria-invalid='false' aria-required=true> <span>Non<\/span><\/label><\/div><\/div><\/div><div class='ff-el-group  ff-custom_html' tabindex='-1' data-name=\"custom_html-3_1\" ><p style=\"color: red;font-weight: bold\">\u26a0\ufe0f Toute inscription au concours via la pr\u00e9sent formulaire entraine l\u2019acceptation du r\u00e8glement dans sa totalit\u00e9\u00a0<\/p>\n<h3>R\u00e8glement du concours<\/h3>\n<p>Veuillez lire attentivement le r\u00e8glement avant de valider votre inscription :<\/p>\n<p><a href=\"https:\/\/mauriceandrecompetition.com\/wp-content\/uploads\/2026\/04\/REGLEMENT-CONCOURS-MAURICE-ANDRE-FR.pdf\" target=\"_blank\" rel=\"noopener\">\ud83c\uddeb\ud83c\uddf7 T\u00e9l\u00e9charger le r\u00e8glement (fran\u00e7ais)<\/a><\/p>\n<p><a href=\"https:\/\/mauriceandrecompetition.com\/wp-content\/uploads\/2026\/04\/Maurice_Andre_Official_Rules_2027_EN.pdf\" target=\"_blank\" rel=\"noopener\">\ud83c\uddec\ud83c\udde7 Download the rules (English)<\/a><\/p>\n<p style=\"font-size: 14px;color: #555\">En cas de divergence d\u2019interpr\u00e9tation, seule la version fran\u00e7aise du r\u00e8glement fait foi.<\/p><\/div><div class='ff-el-group    ff-el-input--content'><div class='ff-el-form-check ff-el-tc'><label aria-label='Je d\u00e9clare avoir lu, compris et accept\u00e9 le r\u00e8glement du Concours International de Trompette Maurice Andr\u00e9.' class='ff-el-form-check-label ff_tc_label' for=terms-n-condition_1_27590c13a729244f48c7673586831104><span class='ff_tc_checkbox'><input type=\"checkbox\" name=\"terms-n-condition_1\" class=\"ff-el-form-check-input\" data-name=\"terms-n-condition_1\" id=\"terms-n-condition_1_27590c13a729244f48c7673586831104\"  value='on' aria-invalid='false' aria-required=true><\/span> <div class='ff_t_c'><p>Je d\u00e9clare avoir lu, compris et accept\u00e9 le r\u00e8glement du Concours International de Trompette Maurice Andr\u00e9.<\/p><\/div><\/label><\/div><\/div><div class='ff-el-group    ff-el-input--content'><div class='ff-el-form-check ff-el-tc'><label aria-label='Je certifie que les informations fournies sont exactes et compl\u00e8tes.' class='ff-el-form-check-label ff_tc_label' for=terms-n-condition_2_4dec6ecc48222f3e2a7246bb2fc7d7cc><span class='ff_tc_checkbox'><input type=\"checkbox\" name=\"terms-n-condition_2\" class=\"ff-el-form-check-input\" data-name=\"terms-n-condition_2\" id=\"terms-n-condition_2_4dec6ecc48222f3e2a7246bb2fc7d7cc\"  value='on' aria-invalid='false' aria-required=true><\/span> <div class='ff_t_c'><p>Je certifie que les informations fournies sont exactes et compl\u00e8tes.<\/p><\/div><\/label><\/div><\/div><div class='ff-el-group'><div class=\"ff-el-input--label ff-el-is-required asterisk-right\"><label for='ff_3_input_text_1' id='label_ff_3_input_text_1' aria-label=\"Signature\">Signature<\/label><\/div><div class='ff-el-input--content'><input type=\"text\" name=\"input_text_1\" class=\"ff-el-form-control\" placeholder=\"NOM Pr\u00e9nom\" data-name=\"input_text_1\" id=\"ff_3_input_text_1\"  aria-invalid=\"false\" aria-required=true><\/div><\/div><div class='ff-el-group'><div class=\"ff-el-input--label ff-el-is-required asterisk-right\"><label   aria-label=\"Frais de pr\u00e9-inscriptions (en euros)\">Frais de pr\u00e9-inscriptions (en euros)<\/label><\/div><div class='ff-el-input--content'><div class='ff-el-form-check ff-el-form-check-'><label class='ff-el-form-check-label' for='input_radio_ba29d4ce71386db8f5e58feb70865552'><input  type=\"radio\" name=\"input_radio\" data-name=\"input_radio\" class=\"ff-el-form-check-input ff-el-form-check-radio\" value=\"50\"  id='input_radio_ba29d4ce71386db8f5e58feb70865552' aria-label='50' aria-invalid='false' aria-required=true> <span>50<\/span><\/label><\/div><\/div><\/div><div class='ff-el-group  ff-custom_html' tabindex='-1' data-name=\"custom_html-3_2\" ><p style=\"font-size:14px;line-height:1.5;color:#555\">\nLes frais de <strong>50 \u20ac<\/strong> correspondent \u00e0 l\u2019inscription \u00e0 la phase de pr\u00e9-s\u00e9lection vid\u00e9o.<br>\nSi votre candidature est retenue, un compl\u00e9ment de <strong>150 \u20ac<\/strong> vous sera demand\u00e9 afin de finaliser votre participation au concours.\n<\/p><\/div><div class='ff-el-group'><div class='ff-el-input--content'><input name=\"payment_method\" type=\"hidden\" value=\"stripe\" data-name=\"payment_method\" class=\"ff-el-form-check-input ff_payment_method ff_selected_payment_method\" ><div class=\"stripe-inline-wrapper ff_pay_inline ff_pay_inline_stripe\" style=\"display: block\"><div class=\"ff-el-input--label\"><label for=\"payment_method_3_1_stripe_inline\">Pay with Card (Stripe)<\/label><\/div><div name=\"stripe_card_element\" class=\"ff_stripe_card_element ff-el-form-control\" data-wpf_payment_method=\"stripe\" id=\"payment_method_3_1_stripe_inline\" data-checkout_style=\"embedded_form\" ><\/div><div class=\"ff_card-errors text-danger\" role=\"alert\"><\/div><\/div><\/div><\/div><div class='ff-el-group'><div class=\"ff-el-input--label asterisk-right\"><label   aria-label=\"\u00c9l\u00e9ment de paiement\">\u00c9l\u00e9ment de paiement<\/label><\/div><div class='ff-el-input--content'><input type=\"hidden\" id=\"ff_3_payment_input\" name=\"payment_input\" value=\"50\" class=\"ff_payment_item\" data-payment_item=\"yes\" data-payment_value=\"50\" data-payment_label=\"\u00c9l\u00e9ment de paiement\" ><span class=\"ff_item_price_wrapper\"><span class=\"ff_product_price_label\">Price:<\/span> <span class=\"ff_product_price\">50.00\u20ac<\/span><\/span><\/div><\/div><div class='ff-el-group ff-text-left ff_submit_btn_wrapper'><button type=\"submit\" class=\"ff-btn ff-btn-submit ff-btn-md ff_btn_style\"  aria-label=\"Payer et envoyer ma candidature\">Payer et envoyer ma candidature<\/button><\/div><\/fieldset><\/form><div id='fluentform_3_errors' class='ff-errors-in-stack ff_form_instance_3_1 ff-form-loading_errors ff_form_instance_3_1_errors'><\/div><\/div>            <script type=\"text\/javascript\">\n                window.fluent_form_ff_form_instance_3_1 = {\"id\":\"3\",\"ajaxUrl\":\"https:\\\/\\\/mauriceandrecompetition.com\\\/wp-admin\\\/admin-ajax.php\",\"settings\":{\"layout\":{\"labelPlacement\":\"top\",\"asteriskPlacement\":\"asterisk-right\",\"helpMessagePlacement\":\"with_label\",\"errorMessagePlacement\":\"inline\",\"cssClassName\":\"\"},\"restrictions\":{\"denyEmptySubmission\":{\"enabled\":false}}},\"form_instance\":\"ff_form_instance_3_1\",\"form_id_selector\":\"fluentform_3\",\"rules\":{\"names[first_name]\":{\"required\":{\"value\":true,\"message\":\"Este campo es obligatorio\",\"global\":true,\"global_message\":\"Ce champ est obligatoire\"}},\"names[middle_name]\":{\"required\":{\"value\":false,\"message\":\"Este campo es obligatorio\",\"global\":true,\"global_message\":\"Ce champ est obligatoire\"}},\"names[last_name]\":{\"required\":{\"value\":false,\"message\":\"Este campo es obligatorio\",\"global\":true,\"global_message\":\"Ce champ est obligatoire\"}},\"datetime\":{\"required\":{\"value\":true,\"message\":\"Este campo es obligatorio\",\"global_message\":\"Ce champ est obligatoire\",\"global\":true}},\"subject\":{\"required\":{\"value\":true,\"message\":\"Subject field is required\",\"global\":false,\"global_message\":\"Ce champ est obligatoire\"}},\"email\":{\"required\":{\"value\":true,\"message\":\"Email field is required\",\"global\":false,\"global_message\":\"Ce champ est obligatoire\"},\"email\":{\"value\":true,\"message\":\"Este campo debe contener un correo electr\\u00f3nico v\\u00e1lido\",\"global\":true,\"global_message\":\"Ce champ doit contenir un e-mail valide\"}},\"email_1\":{\"required\":{\"value\":true,\"message\":\"Email field is required\",\"global\":false,\"global_message\":\"Ce champ est obligatoire\"},\"email\":{\"value\":true,\"message\":\"Este campo debe contener un correo electr\\u00f3nico v\\u00e1lido\",\"global\":true,\"global_message\":\"Ce champ doit contenir un e-mail valide\"}},\"dropdown\":{\"required\":{\"value\":false,\"message\":\"Este campo es obligatorio\",\"global_message\":\"Ce champ est obligatoire\",\"global\":true}},\"input_text\":{\"required\":{\"value\":false,\"message\":\"Este campo es obligatorio\",\"global_message\":\"Ce champ est obligatoire\",\"global\":true}},\"checkbox_1\":{\"required\":{\"value\":true,\"message\":\"Este campo es obligatorio\",\"global_message\":\"Ce champ est obligatoire\",\"global\":true}},\"checkbox\":{\"required\":{\"value\":true,\"message\":\"Este campo es obligatorio\",\"global_message\":\"Ce champ est obligatoire\",\"global\":true}},\"file-upload\":{\"required\":{\"value\":true,\"message\":\"Este campo es obligatorio\",\"global_message\":\"Ce champ est obligatoire\",\"global\":true},\"max_file_size\":{\"value\":20971520,\"message\":\"La validaci\\u00f3n falla por el tama\\u00f1o m\\u00e1ximo de archivo\",\"global_message\":\"\\u00c9chec de la validation de la taille maximale de fichier\",\"global\":true},\"max_file_count\":{\"value\":\"2\",\"message\":\"La validaci\\u00f3n falla para el recuento m\\u00e1ximo de archivos\",\"global_message\":\"\\u00c9chec de la validation du nombre maximal de fichiers\",\"global\":true},\"allowed_file_types\":{\"value\":[\"jpg|jpeg|gif|png|bmp\",\"pdf\"],\"message\":\"Tipo de archivo no v\\u00e1lido\",\"global_message\":\"Type de fichier invalide\",\"global\":true}},\"file-upload_1\":{\"required\":{\"value\":true,\"message\":\"Este campo es obligatorio\",\"global_message\":\"Ce champ est obligatoire\",\"global\":true},\"max_file_size\":{\"value\":20971520,\"message\":\"La validaci\\u00f3n falla por el tama\\u00f1o m\\u00e1ximo de archivo\",\"global_message\":\"\\u00c9chec de la validation de la taille maximale de fichier\",\"global\":true},\"max_file_count\":{\"value\":1,\"message\":\"La validaci\\u00f3n falla para el recuento m\\u00e1ximo de archivos\",\"global_message\":\"\\u00c9chec de la validation du nombre maximal de fichiers\",\"global\":true},\"allowed_file_types\":{\"value\":[\"jpg|jpeg|gif|png|bmp\",\"pdf\"],\"message\":\"Tipo de archivo no v\\u00e1lido\",\"global_message\":\"Type de fichier invalide\",\"global\":true}},\"file-upload_2\":{\"required\":{\"value\":true,\"message\":\"Este campo es obligatorio\",\"global_message\":\"Ce champ est obligatoire\",\"global\":true},\"max_file_size\":{\"value\":null,\"message\":\"La validaci\\u00f3n falla por el tama\\u00f1o m\\u00e1ximo de archivo\",\"global_message\":\"\\u00c9chec de la validation de la taille maximale de fichier\",\"global\":true},\"max_file_count\":{\"value\":1,\"message\":\"La validaci\\u00f3n falla para el recuento m\\u00e1ximo de archivos\",\"global_message\":\"\\u00c9chec de la validation du nombre maximal de fichiers\",\"global\":true},\"allowed_file_types\":{\"value\":[],\"message\":\"Tipo de archivo no v\\u00e1lido\",\"global_message\":\"Type de fichier invalide\",\"global\":true}},\"file-upload_3\":{\"required\":{\"value\":false,\"message\":\"Este campo es obligatorio\",\"global_message\":\"Ce champ est obligatoire\",\"global\":true},\"max_file_size\":{\"value\":20971520,\"message\":\"La validaci\\u00f3n falla por el tama\\u00f1o m\\u00e1ximo de archivo\",\"global_message\":\"\\u00c9chec de la validation de la taille maximale de fichier\",\"global\":true},\"max_file_count\":{\"value\":1,\"message\":\"La validaci\\u00f3n falla para el recuento m\\u00e1ximo de archivos\",\"global_message\":\"\\u00c9chec de la validation du nombre maximal de fichiers\",\"global\":true},\"allowed_file_types\":{\"value\":[\"pdf\"],\"message\":\"Tipo de archivo no v\\u00e1lido\",\"global_message\":\"Type de fichier invalide\",\"global\":true}},\"checkbox_2\":{\"required\":{\"value\":true,\"message\":\"Este campo es obligatorio\",\"global_message\":\"Ce champ est obligatoire\",\"global\":true}},\"terms-n-condition_1\":{\"required\":{\"value\":true,\"message\":\"Este campo es obligatorio\",\"global_message\":\"Ce champ est obligatoire\",\"global\":true}},\"terms-n-condition_2\":{\"required\":{\"value\":true,\"message\":\"Este campo es obligatorio\",\"global_message\":\"Ce champ est obligatoire\",\"global\":true}},\"input_text_1\":{\"required\":{\"value\":true,\"message\":\"Este campo es obligatorio\",\"global_message\":\"Ce champ est obligatoire\",\"global\":true}},\"input_radio\":{\"required\":{\"value\":true,\"message\":\"Este campo es obligatorio\",\"global_message\":\"Ce champ est obligatoire\",\"global\":true}},\"payment_method\":{\"required\":{\"value\":true,\"global\":true,\"message\":\"Este campo es obligatorio\",\"global_message\":\"Ce champ est obligatoire\"}},\"payment_input\":{\"required\":{\"value\":false,\"global\":true,\"message\":\"Este campo es obligatorio\",\"global_message\":\"Ce champ est obligatoire\"}}},\"debounce_time\":300};\n                            <\/script>\n            \n","protected":false},"excerpt":{"rendered":"","protected":false},"author":1,"featured_media":0,"parent":0,"menu_order":0,"comment_status":"closed","ping_status":"closed","template":"","meta":{"footnotes":""},"class_list":["post-966","page","type-page","status-publish","hentry"],"_links":{"self":[{"href":"https:\/\/mauriceandrecompetition.com\/es\/wp-json\/wp\/v2\/pages\/966","targetHints":{"allow":["GET"]}}],"collection":[{"href":"https:\/\/mauriceandrecompetition.com\/es\/wp-json\/wp\/v2\/pages"}],"about":[{"href":"https:\/\/mauriceandrecompetition.com\/es\/wp-json\/wp\/v2\/types\/page"}],"author":[{"embeddable":true,"href":"https:\/\/mauriceandrecompetition.com\/es\/wp-json\/wp\/v2\/users\/1"}],"replies":[{"embeddable":true,"href":"https:\/\/mauriceandrecompetition.com\/es\/wp-json\/wp\/v2\/comments?post=966"}],"version-history":[{"count":1,"href":"https:\/\/mauriceandrecompetition.com\/es\/wp-json\/wp\/v2\/pages\/966\/revisions"}],"predecessor-version":[{"id":967,"href":"https:\/\/mauriceandrecompetition.com\/es\/wp-json\/wp\/v2\/pages\/966\/revisions\/967"}],"wp:attachment":[{"href":"https:\/\/mauriceandrecompetition.com\/es\/wp-json\/wp\/v2\/media?parent=966"}],"curies":[{"name":"wp","href":"https:\/\/api.w.org\/{rel}","templated":true}]}}