{"id":647,"date":"2022-09-08T16:21:39","date_gmt":"2022-09-08T14:21:39","guid":{"rendered":"https:\/\/mauriceandrecompetition.com\/?page_id=647"},"modified":"2026-03-20T10:47:28","modified_gmt":"2026-03-20T09:47:28","slug":"instructions","status":"publish","type":"page","link":"https:\/\/mauriceandrecompetition.com\/es\/instructions\/","title":{"rendered":"Informaci\u00f3n pr\u00e1ctica"},"content":{"rendered":"<h1 class=\"wp-block-heading has-text-align-center\"><strong>INFORMACI\u00d3N PR\u00c1CTICA<\/strong><\/h1>\n\n\n\n<figure class=\"wp-block-pullquote has-large-font-size\"><blockquote><p>Alquiler<\/p><cite><strong>PAR\u00cdS, FRANCIA<\/strong><\/cite><\/blockquote><\/figure>\n\n\n\n<p class=\"has-medium-font-size\">Todas las instrucciones figuran en el reglamento del concurso. Es imprescindible que los candidatos las lean antes de inscribirse.<\/p>\n\n\n\n<p class=\"has-medium-font-size\">M\u00e1s adelante se facilitar\u00e1 informaci\u00f3n detallada sobre c\u00f3mo llegar, horarios y direcciones, as\u00ed como recomendaciones de alojamiento y restauraci\u00f3n.<\/p>\n\n\n\n<p class=\"has-medium-font-size\">El jurado se dar\u00e1 a conocer el 21 de abril de 2026.<\/p>\n\n\n\n<p><\/p>","protected":false},"excerpt":{"rendered":"<p>INFORMATIONS PRATIQUES Location PARIS, FRANCE Toutes les instructions figurent dans le r\u00e8glement du concours. Il est imp\u00e9ratif que le candidat en prenne connaissance avant toute inscription. Des informations d\u00e9taill\u00e9es concernant l\u2019acc\u00e8s, les horaires, les adresses, ainsi que des recommandations d\u2019h\u00e9bergement et de restauration seront communiqu\u00e9es ult\u00e9rieurement. Le jury sera annonc\u00e9 le 21 avril 2026.<\/p>","protected":false},"author":1,"featured_media":0,"parent":0,"menu_order":0,"comment_status":"closed","ping_status":"closed","template":"","meta":{"footnotes":""},"class_list":["post-647","page","type-page","status-publish","hentry"],"_links":{"self":[{"href":"https:\/\/mauriceandrecompetition.com\/es\/wp-json\/wp\/v2\/pages\/647","targetHints":{"allow":["GET"]}}],"collection":[{"href":"https:\/\/mauriceandrecompetition.com\/es\/wp-json\/wp\/v2\/pages"}],"about":[{"href":"https:\/\/mauriceandrecompetition.com\/es\/wp-json\/wp\/v2\/types\/page"}],"author":[{"embeddable":true,"href":"https:\/\/mauriceandrecompetition.com\/es\/wp-json\/wp\/v2\/users\/1"}],"replies":[{"embeddable":true,"href":"https:\/\/mauriceandrecompetition.com\/es\/wp-json\/wp\/v2\/comments?post=647"}],"version-history":[{"count":12,"href":"https:\/\/mauriceandrecompetition.com\/es\/wp-json\/wp\/v2\/pages\/647\/revisions"}],"predecessor-version":[{"id":971,"href":"https:\/\/mauriceandrecompetition.com\/es\/wp-json\/wp\/v2\/pages\/647\/revisions\/971"}],"wp:attachment":[{"href":"https:\/\/mauriceandrecompetition.com\/es\/wp-json\/wp\/v2\/media?parent=647"}],"curies":[{"name":"wp","href":"https:\/\/api.w.org\/{rel}","templated":true}]}}