{"id":629,"date":"2022-09-06T11:38:57","date_gmt":"2022-09-06T09:38:57","guid":{"rendered":"https:\/\/mauriceandrecompetition.com\/?page_id=629"},"modified":"2026-03-20T16:50:11","modified_gmt":"2026-03-20T15:50:11","slug":"faq","status":"publish","type":"page","link":"https:\/\/mauriceandrecompetition.com\/es\/faq\/","title":{"rendered":""},"content":{"rendered":"<h1 class=\"wp-block-heading has-text-align-center\"><strong>PREGUNTAS FRECUENTES<\/strong><\/h1>\n\n\n\n<figure class=\"wp-block-pullquote\"><blockquote><p>INSCRIPCI\u00d3N <\/p><\/blockquote><\/figure>\n\n\n\n<p><strong>\u00bfQu\u00e9 es el Concurso Internacional de Trompeta Maurice Andr\u00e9?<\/strong><\/p>\n\n\n\n<p>El Concurso Maurice Andr\u00e9 es un concurso internacional de trompeta en honor del famoso trompetista franc\u00e9s Maurice Andr\u00e9.<br>Su misi\u00f3n es promover la excelencia en la interpretaci\u00f3n, apoyar a los j\u00f3venes talentos y perpetuar su patrimonio art\u00edstico.&nbsp;<\/p>\n\n\n\n<p>La 8\u00aa edici\u00f3n se celebrar\u00e1 en Par\u00eds&nbsp;<strong>15 al 21 de febrero de 2027<\/strong>.<\/p>\n\n\n\n<p><strong>\u00bfC\u00f3mo me registro?<\/strong><\/p>\n\n\n\n<p>Para inscribirse, debe :<\/p>\n\n\n\n<p>Env\u00ede su solicitud completa antes del\u00a0<strong>15 de octubre de 2026<\/strong><\/p>\n\n\n\n<p>Rellene el formulario de inscripci\u00f3n en l\u00ednea<\/p>\n\n\n\n<p>Pagar la tasa de preselecci\u00f3n de v\u00eddeo de\u00a0<strong>50 \u20ac<\/strong><\/p>\n\n\n\n<p><strong>\u00bfCu\u00e1les son las condiciones de inscripci\u00f3n?<\/strong><\/p>\n\n\n\n<p>Envejecer&nbsp;<strong>menos de 31 a\u00f1os a 21 de febrero de 2027<\/strong><\/p>\n\n\n\n<p>No haber ganado un Primer Premio en una edici\u00f3n anterior del concurso<\/p>\n\n\n\n<p><strong>\u00bfQu\u00e9 documentos necesito para validar mi inscripci\u00f3n?<\/strong><\/p>\n\n\n\n<p>El archivo debe incluir :<\/p>\n\n\n\n<ul class=\"wp-block-list\">\n<li>pago de la tasa de preselecci\u00f3n<\/li>\n\n\n\n<li>el formulario de inscripci\u00f3n firmado<\/li>\n\n\n\n<li>un documento de identidad v\u00e1lido<\/li>\n\n\n\n<li>un CV art\u00edstico detallado<\/li>\n\n\n\n<li>una fotograf\u00eda profesional reciente en alta definici\u00f3n con el instrumento<\/li>\n\n\n\n<li><\/li>\n<\/ul>\n\n\n\n<p><strong>\u00bfHay otros gastos?<\/strong><br><br>S\u00ed, el coste total es de\u00a0<strong>200 \u20ac<\/strong>, El desglose es el siguiente:<\/p>\n\n\n\n<ul class=\"wp-block-list\">\n<li>50 \u00a4 en la inscripci\u00f3n (preselecci\u00f3n de v\u00eddeos)<\/li>\n\n\n\n<li>150 euros adicionales para los candidatos seleccionados<\/li>\n<\/ul>\n\n\n\n<p><strong>\u00bfCu\u00e1ndo se pondr\u00e1 en contacto conmigo el Concurso Internacional de Trompeta Maurice Andr\u00e9 una vez que me haya inscrito?<\/strong><\/p>\n\n\n\n<p>Una vez inscrito, recibir\u00e1 un correo electr\u00f3nico de confirmaci\u00f3n que deber\u00e1 conservar. La oficina de oposiciones podr\u00e1 ponerse en contacto con los candidatos para cualquier pregunta relacionada con su inscripci\u00f3n. Aseg\u00farese de facilitar una direcci\u00f3n de correo electr\u00f3nico v\u00e1lida.&nbsp;<\/p>\n\n\n\n<figure class=\"wp-block-pullquote\"><blockquote><p>LOG\u00cdSTICA<\/p><\/blockquote><\/figure>\n\n\n\n<p><strong>\u00bfLos gastos de transporte o alojamiento est\u00e1n cubiertos por el concurso?<\/strong><\/p>\n\n\n\n<p>Todos los gastos de viaje y alojamiento correr\u00e1n a cargo del participante.<\/p>\n\n\n\n<p class=\"has-text-align-center\">Ver Informaci\u00f3n pr\u00e1ctica<\/p>\n\n\n\n<p>Excepci\u00f3n:<br><br>Los finalistas de fuera de la regi\u00f3n parisina podr\u00e1n optar a un reembolso parcial de sus gastos de alojamiento (hasta 400 euros por un m\u00e1ximo de 3 noches).<\/p>\n\n\n\n<div class=\"wp-block-buttons is-content-justification-center is-layout-flex wp-container-core-buttons-is-layout-16018d1d wp-block-buttons-is-layout-flex\">\n<div class=\"wp-block-button\"><a class=\"wp-block-button__link wp-element-button\" href=\"https:\/\/mauriceandrecompetition.com\/es\/instructions\/\" target=\"_blank\" rel=\"noreferrer noopener\">Informaci\u00f3n pr\u00e1ctica<\/a><\/div>\n<\/div>\n\n\n\n<figure class=\"wp-block-pullquote\"><blockquote><p>PROGRAMA<\/p><\/blockquote><\/figure>\n\n\n\n<p><\/p>\n\n\n\n<p><strong>\u00bfQui\u00e9n suministra las partituras?<\/strong><\/p>\n\n\n\n<p>Los candidatos deber\u00e1n traer sus partituras de trompeta.<\/p>\n\n\n\n<p>La obra encargada para el concurso se enviar\u00e1 a los candidatos seleccionados.<\/p>\n\n\n\n<p><strong>\u00bfSon los servicios de un pianista acompa\u00f1ante proporcionados por el<\/strong>\u2018<strong>\u00bfOrganizaci\u00f3n?<\/strong><\/p>\n\n\n\n<p>S\u00ed, se pueden proporcionar los servicios de un pianista acompa\u00f1ante.<em>\u00a0Los candidatos deben solicitarlo al inscribirse.<\/em>.<\/p>\n\n\n\n<p><strong>L<em>l candidato tambi\u00e9n puede traer su propio pianista acompa\u00f1ante.<\/em><\/strong> <strong><em>aportando sus propias puntuaciones.<\/em><\/strong><\/p>\n\n\n\n<p>Usted debe <strong>imperativamente <\/strong>av\u00edsanos cuando te registres&nbsp;&nbsp;<\/p>\n\n\n\n<p><strong>\u00bfHay alguna pieza espec\u00edfica que deba tocarse durante el concurso?<\/strong><\/p>\n\n\n\n<p>S\u00ed, consulte el <a href=\"https:\/\/mauriceandrecompetition.com\/es\/program-programme\/\" data-type=\"URL\" data-id=\"https:\/\/mauriceandrecompetition.com\/program-programme\/\" target=\"_blank\" rel=\"noreferrer noopener\">programa en el sitio web<\/a>.<\/p>\n\n\n\n<figure class=\"wp-block-pullquote\"><blockquote><p>RESULTADOS<\/p><\/blockquote><\/figure>\n\n\n\n<p><strong>\u00bfSe hacen p\u00fablicos los resultados?<\/strong><\/p>\n\n\n\n<p>S\u00ed, las puntuaciones y los resultados se publican despu\u00e9s de cada ronda.<\/p>\n\n\n\n<p><strong>\u00bfCu\u00e1les son los precios?<\/strong><\/p>\n\n\n\n<p>1<sup>er<\/sup>&nbsp;precio: 12.000 euros<\/p>\n\n\n\n<p>2<sup>th<\/sup>&nbsp;premio: 6.000 euros<\/p>\n\n\n\n<p>3<sup>th<\/sup>&nbsp;precio: 3.000 euros<\/p>\n\n\n\n<p>Tambi\u00e9n podr\u00e1n concederse premios adicionales\u00a0<\/p>\n\n\n\n<figure class=\"wp-block-pullquote\"><blockquote><p>DESISTIMIENTO\/ANULACI\u00d3N<\/p><\/blockquote><\/figure>\n\n\n\n<p>Para cancelar su inscripci\u00f3n, env\u00ede una carta a&nbsp;<a href=\"mailto:mauriceandrecompetition@misterproductions.com\">mauriceandrecompetition@misterproductions.com<\/a>. No se reembolsar\u00e1n los gastos de inscripci\u00f3n.<\/p>\n\n\n\n<p><\/p>","protected":false},"excerpt":{"rendered":"<p>FAQ INSCRIPTION Qu\u2019est-ce que le Concours International de trompette Maurice Andr\u00e9&nbsp;? Le Concours Maurice Andr\u00e9 est un concours international de trompette en hommage au c\u00e9l\u00e8bre trompettiste fran\u00e7ais Maurice Andr\u00e9.Il a pour vocation de promouvoir l\u2019excellence de l\u2019interpr\u00e9tation, soutenir les jeunes talents et perp\u00e9tuer son h\u00e9ritage artistique.&nbsp; La 8\u00e8me \u00e9dition se d\u00e9roulera \u00e0 Paris du&nbsp;15 au &hellip; <\/p>\n<p class=\"link-more\"><a href=\"https:\/\/mauriceandrecompetition.com\/es\/faq\/\" class=\"more-link\">Continuar leyendo<span class=\"screen-reader-text\"> \u00ab\u00a0\u00a0\u00bb<\/span><\/a><\/p>","protected":false},"author":1,"featured_media":0,"parent":0,"menu_order":0,"comment_status":"closed","ping_status":"closed","template":"","meta":{"footnotes":""},"class_list":["post-629","page","type-page","status-publish","hentry"],"_links":{"self":[{"href":"https:\/\/mauriceandrecompetition.com\/es\/wp-json\/wp\/v2\/pages\/629","targetHints":{"allow":["GET"]}}],"collection":[{"href":"https:\/\/mauriceandrecompetition.com\/es\/wp-json\/wp\/v2\/pages"}],"about":[{"href":"https:\/\/mauriceandrecompetition.com\/es\/wp-json\/wp\/v2\/types\/page"}],"author":[{"embeddable":true,"href":"https:\/\/mauriceandrecompetition.com\/es\/wp-json\/wp\/v2\/users\/1"}],"replies":[{"embeddable":true,"href":"https:\/\/mauriceandrecompetition.com\/es\/wp-json\/wp\/v2\/comments?post=629"}],"version-history":[{"count":13,"href":"https:\/\/mauriceandrecompetition.com\/es\/wp-json\/wp\/v2\/pages\/629\/revisions"}],"predecessor-version":[{"id":999,"href":"https:\/\/mauriceandrecompetition.com\/es\/wp-json\/wp\/v2\/pages\/629\/revisions\/999"}],"wp:attachment":[{"href":"https:\/\/mauriceandrecompetition.com\/es\/wp-json\/wp\/v2\/media?parent=629"}],"curies":[{"name":"wp","href":"https:\/\/api.w.org\/{rel}","templated":true}]}}