{"id":46,"date":"2014-05-25T18:12:58","date_gmt":"2014-05-25T18:12:58","guid":{"rendered":"http:\/\/demo.vivathemes.com\/themes\/indigo\/?page_id=46"},"modified":"2026-03-19T15:14:19","modified_gmt":"2026-03-19T14:14:19","slug":"contact","status":"publish","type":"page","link":"https:\/\/mauriceandrecompetition.com\/es\/contact\/","title":{"rendered":"P\u00f3ngase en contacto con"},"content":{"rendered":"<p>Para cualquier pregunta sobre inscripciones, reglamento, preselecci\u00f3n de video, visas u organizaci\u00f3n del concurso, por favor cont\u00e1ctenos en la siguiente direcci\u00f3n:<\/p>\n\n\n\n<p><strong><a>mauriceandrecompetition@misterproductions.com<\/a><\/strong><\/p>\n\n\n\n<div class=\"wp-block-buttons is-content-justification-center is-layout-flex wp-container-core-buttons-is-layout-16018d1d wp-block-buttons-is-layout-flex\">\n<div class=\"wp-block-button\"><a class=\"wp-block-button__link has-text-align-center wp-element-button\" href=\"https:\/\/mauriceandrecompetition.com\/es\/faq\/\">PREGUNTAS FRECUENTES<\/a><\/div>\n<\/div>\n\n\n\n<p><\/p>","protected":false},"excerpt":{"rendered":"<p>Pour toute question concernant les inscriptions, le r\u00e8glement, la pr\u00e9s\u00e9lection vid\u00e9o, les visas ou l\u2019organisation du concours, merci de nous contacter \u00e0 l\u2019adresse suivante : mauriceandrecompetition@misterproductions.com<\/p>","protected":false},"author":1,"featured_media":0,"parent":0,"menu_order":0,"comment_status":"closed","ping_status":"closed","template":"","meta":{"footnotes":""},"class_list":["post-46","page","type-page","status-publish","hentry"],"_links":{"self":[{"href":"https:\/\/mauriceandrecompetition.com\/es\/wp-json\/wp\/v2\/pages\/46","targetHints":{"allow":["GET"]}}],"collection":[{"href":"https:\/\/mauriceandrecompetition.com\/es\/wp-json\/wp\/v2\/pages"}],"about":[{"href":"https:\/\/mauriceandrecompetition.com\/es\/wp-json\/wp\/v2\/types\/page"}],"author":[{"embeddable":true,"href":"https:\/\/mauriceandrecompetition.com\/es\/wp-json\/wp\/v2\/users\/1"}],"replies":[{"embeddable":true,"href":"https:\/\/mauriceandrecompetition.com\/es\/wp-json\/wp\/v2\/comments?post=46"}],"version-history":[{"count":14,"href":"https:\/\/mauriceandrecompetition.com\/es\/wp-json\/wp\/v2\/pages\/46\/revisions"}],"predecessor-version":[{"id":957,"href":"https:\/\/mauriceandrecompetition.com\/es\/wp-json\/wp\/v2\/pages\/46\/revisions\/957"}],"wp:attachment":[{"href":"https:\/\/mauriceandrecompetition.com\/es\/wp-json\/wp\/v2\/media?parent=46"}],"curies":[{"name":"wp","href":"https:\/\/api.w.org\/{rel}","templated":true}]}}