{"id":40,"date":"2014-05-25T18:11:10","date_gmt":"2014-05-25T18:11:10","guid":{"rendered":"http:\/\/demo.vivathemes.com\/themes\/indigo\/?page_id=40"},"modified":"2026-03-21T16:31:22","modified_gmt":"2026-03-21T15:31:22","slug":"apply-inscriptions","status":"publish","type":"page","link":"https:\/\/mauriceandrecompetition.com\/es\/apply-inscriptions\/","title":{"rendered":"Inscripciones"},"content":{"rendered":"<h1 style=\"text-align: center;\"><strong>8\u00ba Concurso Internacional de Trompeta Maurice Andr\u00e9<\/strong><\/h1>\n<h1 style=\"text-align: center;\"><strong data-rich-text-format-boundary=\"true\">\u00a0Par\u00eds, Francia<\/strong><\/h1>\n\n\n<p class=\"has-medium-font-size\">Ya est\u00e1n abiertas las inscripciones para el Concurso Internacional de Trompeta Maurice Andr\u00e9 2027.<\/p>\n\n\n\n<p class=\"has-medium-font-size\">La participaci\u00f3n en el concurso est\u00e1 sujeta a una preselecci\u00f3n por v\u00eddeo.<\/p>\n\n\n\n<h2 class=\"wp-block-heading has-black-color has-text-color has-link-color wp-elements-3e7cfbc2a4c9fa2479c51f5f813d626b\"><strong>Condiciones de participaci\u00f3n <\/strong><\/h2>\n\n\n\n<p>El concurso est\u00e1 abierto a candidatos de todas las nacionalidades.<\/p>\n\n\n\n<p>Los candidatos deben tener menos de treinta y un (31) a\u00f1os el 21 de febrero de 2027.<\/p>\n\n\n\n<p>Los candidatos menores de 18 a\u00f1os podr\u00e1n participar en el concurso siempre que cuenten con la autorizaci\u00f3n escrita de uno o varios tutores legales, firmada por el representante legal.<\/p>\n\n\n\n<h2 class=\"wp-block-heading has-black-color has-text-color has-link-color wp-elements-06f07c356fb9000bf3e2083c2be088cc\"><strong>Formulario de solicitud <\/strong><\/h2>\n\n\n\n<p>La solicitud deber\u00e1 cumplimentarse antes del&nbsp;<strong>15 de octubre de 2026<\/strong>&nbsp;y comprender :<\/p>\n\n\n\n<ul class=\"wp-block-list\">\n<li>el formulario de inscripci\u00f3n cumplimentado y firmado<\/li>\n\n\n\n<li>un documento oficial de identidad v\u00e1lido<\/li>\n\n\n\n<li>un curriculum vitae art\u00edstico detallado<\/li>\n\n\n\n<li>una fotograf\u00eda profesional reciente con el instrumento<\/li>\n\n\n\n<li>pago de la tasa de preinscripci\u00f3n<\/li>\n<\/ul>\n\n\n\n<p>Toda solicitud incompleta o presentada fuera de plazo podr\u00e1 ser rechazada.<\/p>\n\n\n\n<h2 class=\"wp-block-heading has-black-color has-text-color has-link-color wp-elements-e475382d4cb5c227892c6f52098957cd\"><strong>Tasas<\/strong><\/h2>\n\n\n\n<p>En&nbsp;<strong>50 \u20ac<\/strong>&nbsp;es una cuota de preinscripci\u00f3n no reembolsable.<\/p>\n\n\n\n<p>Los candidatos preseleccionados deber\u00e1n abonar una tasa adicional de 1.000&nbsp;<strong>150 \u20ac.<\/strong><\/p>\n\n\n\n<h2 class=\"wp-block-heading has-black-color has-text-color has-link-color wp-elements-0fe0c8bd0313539b24bd997116baf321\"><strong>Preselecci\u00f3n de v\u00eddeos <\/strong><\/h2>\n\n\n\n<p>Todos los solicitantes deben enviar un enlace a un v\u00eddeo de preselecci\u00f3n:<\/p>\n\n\n\n<p>\ud83d\udce7&nbsp;<strong><a>mauriceandrecompetition@misterproductions.com<\/a><\/strong><\/p>\n\n\n\n<p>\ud83d\udcc5 Fecha l\u00edmite :&nbsp;<strong>15 de octubre de 2026<\/strong><\/p>\n\n\n\n<hr class=\"wp-block-separator has-alpha-channel-opacity\"\/>\n\n\n\n<h3 class=\"wp-block-heading\"><strong>Asunto del correo<\/strong><\/h3>\n\n\n\n<p>APELLIDOS - NOMBRE \/ NACIONALIDAD \/ OBRAS<\/p>\n\n\n\n<hr class=\"wp-block-separator has-alpha-channel-opacity\"\/>\n\n\n\n<h3 class=\"wp-block-heading\"><strong>Contenido de v\u00eddeo<\/strong><\/h3>\n\n\n\n<p>El v\u00eddeo debe :<\/p>\n\n\n\n<ul class=\"wp-block-list\">\n<li>contienen las obras solicitadas en la primera ronda<\/li>\n\n\n\n<li>grabarse en tomas continuas (sin edici\u00f3n)<\/li>\n\n\n\n<li>no contienen procesamiento de sonido<\/li>\n\n\n\n<li>tienen menos de un a\u00f1o<\/li>\n<\/ul>\n\n\n\n<p>Duraci\u00f3n m\u00e1xima indicativa :&nbsp;<strong>12 minutos<\/strong><\/p>\n\n\n\n<hr class=\"wp-block-separator has-alpha-channel-opacity\"\/>\n\n\n\n<h3 class=\"wp-block-heading\"><strong>Condiciones t\u00e9cnicas<\/strong><\/h3>\n\n\n\n<ul class=\"wp-block-list\">\n<li>enlace disponible en l\u00ednea (YouTube, Vimeo, Drive...)<\/li>\n\n\n\n<li>enlace v\u00e1lido hasta el&nbsp;<strong>15 de noviembre de 2026<\/strong><\/li>\n<\/ul>\n\n\n\n<p>Cualquier enlace inaccesible puede provocar la invalidaci\u00f3n de la solicitud.<\/p>\n\n\n\n<hr class=\"wp-block-separator has-alpha-channel-opacity\"\/>\n\n\n\n<h2 class=\"wp-block-heading has-black-color has-text-color has-link-color has-medium-font-size wp-elements-fb1f1a4e8dd803eae74cde9c15b4f72c\"><strong>Resultados<\/strong><\/h2>\n\n\n\n<p>Los resultados de la preselecci\u00f3n se anunciar\u00e1n a m\u00e1s tardar el :<\/p>\n\n\n\n<p>\ud83d\udcc5&nbsp;<strong>15 de noviembre de 2026<\/strong><\/p>\n\n\n\n<p class=\"has-small-font-size\"><em>Equipo del Concurso Internacional de Trompeta Maurice Andr\u00e9<mark style=\"background-color:rgba(0, 0, 0, 0);color:#be9d6e\" class=\"has-inline-color\"><\/mark><\/em><\/p>\n\n\n\n<div class=\"wp-block-buttons is-content-justification-center is-layout-flex wp-container-core-buttons-is-layout-16018d1d wp-block-buttons-is-layout-flex\">\n<div class=\"wp-block-button\"><a class=\"wp-block-button__link wp-element-button\" href=\"https:\/\/mauriceandrecompetition.com\/es\/apply-form\/\" target=\"_blank\" rel=\"noreferrer noopener\">REG\u00cdSTRESE EN <\/a><\/div>\n<\/div>\n\n\n\n<div class=\"wp-block-buttons is-content-justification-center is-layout-flex wp-container-core-buttons-is-layout-16018d1d wp-block-buttons-is-layout-flex\">\n<div class=\"wp-block-button\"><a class=\"wp-block-button__link wp-element-button\" href=\"https:\/\/mauriceandrecompetition.com\/es\/faq\/\">PREGUNTAS FRECUENTES<\/a><\/div>\n<\/div>\n\n\n\n<p><\/p>","protected":false},"excerpt":{"rendered":"<p>8\u00e8me \u00e9dition du Concours International de Trompette Maurice Andr\u00e9 \u00a0Paris, France Les inscriptions au Concours International de Trompette Maurice Andr\u00e9 2027 sont ouvertes. La participation au concours est soumise \u00e0 une pr\u00e9s\u00e9lection sur vid\u00e9o. Conditions de participation Le Concours est ouvert aux candidats de toutes nationalit\u00e9s. Les candidats doivent \u00eatre \u00e2g\u00e9s de moins de trente-et-un &hellip; <\/p>\n<p class=\"link-more\"><a href=\"https:\/\/mauriceandrecompetition.com\/es\/apply-inscriptions\/\" class=\"more-link\">Continuar leyendo<span class=\"screen-reader-text\"> \u00ab\u00a0Inscriptions\u00a0\u00bb<\/span><\/a><\/p>","protected":false},"author":1,"featured_media":0,"parent":0,"menu_order":0,"comment_status":"closed","ping_status":"closed","template":"","meta":{"footnotes":""},"class_list":["post-40","page","type-page","status-publish","hentry"],"_links":{"self":[{"href":"https:\/\/mauriceandrecompetition.com\/es\/wp-json\/wp\/v2\/pages\/40","targetHints":{"allow":["GET"]}}],"collection":[{"href":"https:\/\/mauriceandrecompetition.com\/es\/wp-json\/wp\/v2\/pages"}],"about":[{"href":"https:\/\/mauriceandrecompetition.com\/es\/wp-json\/wp\/v2\/types\/page"}],"author":[{"embeddable":true,"href":"https:\/\/mauriceandrecompetition.com\/es\/wp-json\/wp\/v2\/users\/1"}],"replies":[{"embeddable":true,"href":"https:\/\/mauriceandrecompetition.com\/es\/wp-json\/wp\/v2\/comments?post=40"}],"version-history":[{"count":48,"href":"https:\/\/mauriceandrecompetition.com\/es\/wp-json\/wp\/v2\/pages\/40\/revisions"}],"predecessor-version":[{"id":1011,"href":"https:\/\/mauriceandrecompetition.com\/es\/wp-json\/wp\/v2\/pages\/40\/revisions\/1011"}],"wp:attachment":[{"href":"https:\/\/mauriceandrecompetition.com\/es\/wp-json\/wp\/v2\/media?parent=40"}],"curies":[{"name":"wp","href":"https:\/\/api.w.org\/{rel}","templated":true}]}}