{"id":310,"date":"2020-02-10T11:24:34","date_gmt":"2020-02-10T10:24:34","guid":{"rendered":"https:\/\/mauriceandrecompetition.com\/?page_id=310"},"modified":"2026-03-20T16:40:01","modified_gmt":"2026-03-20T15:40:01","slug":"program-jury","status":"publish","type":"page","link":"https:\/\/mauriceandrecompetition.com\/es\/program-jury\/","title":{"rendered":"Programa \/ Jurado"},"content":{"rendered":"<figure class=\"wp-block-pullquote has-text-align-left has-medium-font-size\"><blockquote><p><strong>La Organizaci\u00f3n se compromete a seleccionar a los miembros del jurado y a los candidatos,<br>excluyendo toda discriminaci\u00f3n basada en el origen, el sexo, el g\u00e9nero, la orientaci\u00f3n sexual o cualquier otro motivo.<br>creencias religiosas o cualquier otra caracter\u00edstica protegida por la ley.<\/strong><br><br>El Concurso Internacional de Trompeta Maurice Andr\u00e9 2027 se divide en cuatro fases sucesivas:<br><br>1. preselecci\u00f3n en v\u00eddeo,<br>2. primera ronda (eliminatoria),<br>3. Semifinal (eliminatoria),<br>4. final con orquesta.<br>\u00a0<br>Al t\u00e9rmino de la semifinal, un m\u00e1ximo de tres candidatos ser\u00e1n admitidos a la final.\u00a0<\/p><\/blockquote><\/figure>\n\n\n\n<h2 class=\"wp-block-heading has-black-color has-text-color has-link-color wp-elements-afc28437af58a23dc99f49952944af63\"><strong>Jurado<\/strong><\/h2>\n\n\n\n<p class=\"has-text-align-left\">El jurado del 8\u00ba Concurso Internacional de Trompeta Maurice Andr\u00e9 estar\u00e1 compuesto por destacadas figuras internacionales del mundo de la m\u00fasica.<\/p>\n\n\n\n<p><strong>El jurado se dar\u00e1 a conocer el 21 de abril.<\/strong><\/p>\n\n\n\n<p class=\"has-text-align-left\">Las decisiones del jurado son definitivas e inapelables. <\/p>\n\n\n\n<h2 class=\"wp-block-heading has-black-color has-text-color has-link-color wp-elements-bed6fd49c97e6ba0504709d6616079e4\"><strong>Programa de concursos <\/strong><br><br>Los organizadores pondr\u00e1n a disposici\u00f3n de los candidatos varios pianistas acompa\u00f1antes oficiales.<br>Los candidatos pueden :<br>- o recurrir a los pianistas oficiales del Concurso; ;<br>- o presentarse con su propio pianista, siempre que lo comuniquen a la Organizaci\u00f3n en cuanto reciban la notificaci\u00f3n de su admisi\u00f3n a la primera prueba del Concurso.<\/h2>\n\n\n\n<h3 class=\"wp-block-heading\">Preselecci\u00f3n de v\u00eddeos<\/h3>\n\n\n\n<p>Todos los solicitantes deben enviar un enlace a un v\u00eddeo de preselecci\u00f3n sin editar antes del&nbsp;<strong>15 de octubre de 2026<\/strong>&nbsp;a la siguiente direcci\u00f3n<\/p>\n\n\n\n<p><strong><a>mauriceandrecompetition@misterproductions.com<\/a><\/strong><\/p>\n\n\n\n<p>El v\u00eddeo debe incluir :<\/p>\n\n\n\n<ul class=\"wp-block-list\">\n<li>una obra de su elecci\u00f3n para trompeta en Do de la primera ronda ;<\/li>\n\n\n\n<li>una obra de su elecci\u00f3n para trompeta piccolo de la primera ronda.&nbsp;<\/li>\n<\/ul>\n\n\n\n<p>La duraci\u00f3n m\u00e1xima indicativa del v\u00eddeo es&nbsp;<strong>12 minutos<\/strong>.<br>La grabaci\u00f3n debe realizarse de forma continua, sin edici\u00f3n, corte, modificaci\u00f3n del sonido ni procesamiento de audio. Debe tener menos de un a\u00f1o y estar acompa\u00f1ada de m\u00fasica de piano.<\/p>\n\n\n\n<h3 class=\"wp-block-heading\"><strong>Primera vuelta<\/strong><\/h3>\n\n\n\n<p><strong>Duraci\u00f3n m\u00e1xima: 20 minutos<\/strong><\/p>\n\n\n\n<p>El programa incluye :<\/p>\n\n\n\n<p><strong>1. Una obra de su elecci\u00f3n para trompeta en Do :<\/strong><\/p>\n\n\n\n<ul class=\"wp-block-list\">\n<li>Henri Tomasi,&nbsp;<em>Concierto para trompeta<\/em>&nbsp;(1er movimiento)<\/li>\n\n\n\n<li>Jean Fran\u00e7aix,&nbsp;<em>Sonatina<\/em><\/li>\n<\/ul>\n\n\n\n<p><strong>2. Una obra de su elecci\u00f3n para trompeta piccolo :<\/strong><\/p>\n\n\n\n<ul class=\"wp-block-list\">\n<li>Georg Philipp Telemann,&nbsp;<em>Concierto en re mayor<\/em>, 1er movimiento (Adagio), TWV 51:D7<\/li>\n\n\n\n<li>Leopold Mozart,&nbsp;<em>Concierto en re mayor<\/em>, 1er movimiento (Adagio), LMW IX:13&nbsp;<\/li>\n<\/ul>\n\n\n\n<p><strong>3. La comisi\u00f3n de concurso 2027 para trompeta Sib<\/strong><\/p>\n\n\n\n<p>Las puntuaciones de orden se enviar\u00e1n a los candidatos seleccionados&nbsp;<strong>a m\u00e1s tardar el 21 de diciembre de 2026<\/strong>.<\/p>\n\n\n\n<h3 class=\"wp-block-heading\"><strong>Semifinal<\/strong><\/h3>\n\n\n\n<p><strong>Duraci\u00f3n m\u00e1xima: 25 minutos<\/strong><\/p>\n\n\n\n<p>El programa incluye :<\/p>\n\n\n\n<p><strong>1. Una obra para trompeta piccolo :<\/strong><\/p>\n\n\n\n<ul class=\"wp-block-list\">\n<li>Johann Wilhelm Hertel, Concierto n\u00ba 1 en mi bemol mayor<\/li>\n<\/ul>\n\n\n\n<p><strong>2. Una obra de su elecci\u00f3n para trompeta Sib o corneta Sib:<\/strong><\/p>\n\n\n\n<ul class=\"wp-block-list\">\n<li>Jean-Baptiste Arban,&nbsp;<em>Variaciones sobre el Carnaval de Venecia<\/em> (sin introducci\u00f3n)*<\/li>\n\n\n\n<li>Jean-Baptiste Arban,&nbsp;<em>Tema y variaciones sobre Norma<\/em> (Bellini)**<\/li>\n\n\n\n<li>Jean-Baptiste Arban,&nbsp;<em>Tema y variaciones de la tirolina<\/em>**<\/li>\n<\/ul>\n\n\n\n<p>*Acompa\u00f1amiento de piano: edici\u00f3n de Marc Reift<br>**Acompa\u00f1amientos para piano: Carl Fischer Music edition<\/p>\n\n\n\n<p><strong>3. Una obra obligatoria, en un instrumento elegido por el candidato:<\/strong><\/p>\n\n\n\n<ul class=\"wp-block-list\">\n<li>Edward Elgar,&nbsp;<em>Saludo de amor<\/em>, tono y edici\u00f3n a elecci\u00f3n del candidato<\/li>\n\n\n\n<li>Alexandre Glazunov,&nbsp;<em>Albumblatt<\/em><\/li>\n\n\n\n<li>Fritz Kreisler,&nbsp;<em>Liebesleid<\/em>, tono y edici\u00f3n a elecci\u00f3n del candidato<\/li>\n\n\n\n<li>Sergei Rachmaninov,&nbsp;<em>Vocalise<\/em>, op. 34 n\u00b014, clave y edici\u00f3n a elegir por el candidato<\/li>\n<\/ul>\n\n\n\n<p>El acompa\u00f1amiento de piano correr\u00e1 a cargo de los pianistas oficiales del concurso.<\/p>\n\n\n\n<h3 class=\"wp-block-heading\"><strong>Final con orquesta<\/strong><\/h3>\n\n\n\n<p>Los finalistas interpretan un programa con orquesta que incluye :<\/p>\n\n\n\n<ul class=\"wp-block-list\">\n<li>Johann Nepomuk Hummel, concierto para trompeta en mi bemol mayor (versi\u00f3n interpretada con orquesta: edici\u00f3n Kalmus) ;<\/li>\n\n\n\n<li>Alfred Desenclos,&nbsp;<em>Incantaci\u00f3n, Threne y Danza<\/em>.&nbsp;<\/li>\n<\/ul>\n\n\n\n<p>La final contar\u00e1 con el apoyo de&nbsp;<strong>Orquesta Sinf\u00f3nica de la Guardia Republicana<\/strong>.&nbsp;<\/p>\n\n\n\n<p>Los finalistas podr\u00e1n ensayar con la orquesta la v\u00edspera de la final el&nbsp;<strong>20 de febrero de 2027<\/strong>, en horarios que se anunciar\u00e1n.<\/p>\n\n\n\n<h2 class=\"wp-block-heading has-black-color has-text-color has-link-color wp-elements-fc5f977e52c8758c735ffc5ab9515a1c\"><strong>Precios<\/strong><\/h2>\n\n\n\n<h3 class=\"wp-block-heading\">Precios principales<\/h3>\n\n\n\n<ul class=\"wp-block-list\">\n<li><strong>Gran Premio Maurice Andr\u00e9<\/strong>&nbsp;12.000 euros <\/li>\n\n\n\n<li><strong>Segundo premio<\/strong>&nbsp;6.000 euros <\/li>\n\n\n\n<li><strong>Tercer premio<\/strong>&nbsp;3.000 euros <\/li>\n<\/ul>\n\n\n\n<h3 class=\"wp-block-heading\">Premios especiales<\/h3>\n\n\n\n<ul class=\"wp-block-list\">\n<li><strong>Premio del P\u00fablico<\/strong><\/li>\n\n\n\n<li><strong>Premios especiales del jurado<\/strong><\/li>\n<\/ul>\n\n\n\n<p>Adem\u00e1s del premio en met\u00e1lico, los ganadores del Concurso podr\u00e1n recibir premios adicionales, como instrumentos y\/o giras y\/o conciertos, seg\u00fan determine la Organizaci\u00f3n.<\/p>\n\n\n\n<h2 class=\"wp-block-heading has-text-align-center has-large-font-size\">Para m\u00e1s informaci\u00f3n<\/h2>\n\n\n\n<div class=\"wp-block-buttons is-content-justification-center is-layout-flex wp-container-core-buttons-is-layout-16018d1d wp-block-buttons-is-layout-flex\">\n<div class=\"wp-block-button has-custom-width wp-block-button__width-25\"><a class=\"wp-block-button__link wp-element-button\" href=\"https:\/\/mauriceandrecompetition.com\/es\/faq\/\">PREGUNTAS FRECUENTES<\/a><\/div>\n<\/div>\n\n\n\n<p><\/p>","protected":false},"excerpt":{"rendered":"<p>L\u2019Organisation s\u2019engage \u00e0 proc\u00e9der \u00e0 la s\u00e9lection des membres du jury et des candidats,en excluant toute discrimination fond\u00e9e notamment sur l\u2019origine, le sexe, le genre, lesconvictions religieuses ou toute autre caract\u00e9ristique prot\u00e9g\u00e9e par la loi. Le Concours International de Trompette Maurice Andr\u00e9 2027 se d\u00e9roule en quatre \u00e9tapes successives : 1. pr\u00e9s\u00e9lection sur vid\u00e9o,2. premier &hellip; <\/p>\n<p class=\"link-more\"><a href=\"https:\/\/mauriceandrecompetition.com\/es\/program-jury\/\" class=\"more-link\">Continuar leyendo<span class=\"screen-reader-text\"> \u00ab\u00a0Programme \/ Jury\u00a0\u00bb<\/span><\/a><\/p>","protected":false},"author":1,"featured_media":0,"parent":0,"menu_order":0,"comment_status":"closed","ping_status":"closed","template":"","meta":{"footnotes":""},"class_list":["post-310","page","type-page","status-publish","hentry"],"_links":{"self":[{"href":"https:\/\/mauriceandrecompetition.com\/es\/wp-json\/wp\/v2\/pages\/310","targetHints":{"allow":["GET"]}}],"collection":[{"href":"https:\/\/mauriceandrecompetition.com\/es\/wp-json\/wp\/v2\/pages"}],"about":[{"href":"https:\/\/mauriceandrecompetition.com\/es\/wp-json\/wp\/v2\/types\/page"}],"author":[{"embeddable":true,"href":"https:\/\/mauriceandrecompetition.com\/es\/wp-json\/wp\/v2\/users\/1"}],"replies":[{"embeddable":true,"href":"https:\/\/mauriceandrecompetition.com\/es\/wp-json\/wp\/v2\/comments?post=310"}],"version-history":[{"count":86,"href":"https:\/\/mauriceandrecompetition.com\/es\/wp-json\/wp\/v2\/pages\/310\/revisions"}],"predecessor-version":[{"id":997,"href":"https:\/\/mauriceandrecompetition.com\/es\/wp-json\/wp\/v2\/pages\/310\/revisions\/997"}],"wp:attachment":[{"href":"https:\/\/mauriceandrecompetition.com\/es\/wp-json\/wp\/v2\/media?parent=310"}],"curies":[{"name":"wp","href":"https:\/\/api.w.org\/{rel}","templated":true}]}}