{"id":222,"date":"2020-02-03T19:25:21","date_gmt":"2020-02-03T18:25:21","guid":{"rendered":"https:\/\/mauriceandrecompetition.com\/?page_id=222"},"modified":"2026-03-20T18:10:48","modified_gmt":"2026-03-20T17:10:48","slug":"222-2","status":"publish","type":"page","link":"https:\/\/mauriceandrecompetition.com\/es\/","title":{"rendered":""},"content":{"rendered":"<p class=\"has-text-color\" style=\"color:#ffffff\"><\/p>\n\n\n\n<div class=\"wp-block-media-text alignwide has-media-on-the-right is-vertically-aligned-center\" style=\"grid-template-columns:auto 15%\"><div class=\"wp-block-media-text__content\">\n<h1 class=\"wp-block-heading has-text-align-center has-large-font-size\"><strong>8\u00ba Concurso Internacional de Trompeta Maurice Andr\u00e9<\/strong><\/h1>\n\n\n\n<p><br><br><\/p>\n\n\n\n<p class=\"has-text-align-center has-medium-font-size\"><strong><em><strong>Inscripciones abiertas <\/strong><\/em><\/strong><\/p>\n\n\n\n<p><\/p>\n\n\n\n<p><\/p>\n\n\n\n<p class=\"has-text-align-left has-medium-font-size\">El Concurso Internacional de Trompeta Maurice Andr\u00e9 es un referente de excelencia en la interpretaci\u00f3n de la trompeta.<\/p>\n\n\n\n<p class=\"has-text-align-left has-medium-font-size\">La 8\u00aa edici\u00f3n se celebrar\u00e1 en Par\u00eds&nbsp;<strong>15 al 21 de febrero de 2027<\/strong>&nbsp;y reunir\u00e1 a j\u00f3venes artistas de todo el mundo ante un prestigioso jurado internacional.<br><br><strong>Fechas y lugares<\/strong><br><br><span style=\"caret-color: rgb(0, 0, 0); color: rgb(0, 0, 0); font-family: -webkit-standard; font-size: medium; white-space: normal;\">\ud83d\udcc5&nbsp;<\/span>15 - 21 de febrero de 2027 <br>\ud83d\udccdPar\u00eds, Francia<\/p>\n\n\n\n<ul class=\"wp-block-list\">\n<li class=\"has-medium-font-size\">1\u00aa ronda y semifinales: Conservatoire \u00e0 Rayonnement R\u00e9gional (CRR) de Par\u00eds <\/li>\n\n\n\n<li class=\"has-medium-font-size\">Final con orquesta: Th\u00e9\u00e2tre du Ch\u00e2telet<\/li>\n<\/ul>\n\n\n\n<div class=\"wp-block-buttons is-content-justification-center is-layout-flex wp-container-core-buttons-is-layout-16018d1d wp-block-buttons-is-layout-flex\">\n<div class=\"wp-block-button\"><a class=\"wp-block-button__link has-text-align-center wp-element-button\" href=\"https:\/\/mauriceandrecompetition.com\/es\/apply-form\/\">REG\u00cdSTRESE EN<\/a><\/div>\n<\/div>\n<\/div><figure class=\"wp-block-media-text__media\"><img decoding=\"async\" src=\"https:\/\/mauriceandrecompetition.com\/wp-content\/uploads\/2020\/02\/visuel-competition-Maurice-Andr\u00e9-Losange-1.png\" alt=\"\" class=\"wp-image-401 size-full\"\/><\/figure><\/div>\n\n\n\n<hr class=\"wp-block-separator has-alpha-channel-opacity\"\/>\n\n\n\n<p><br><br><br><br><\/p>\n\n\n<div class=\"wp-block-image\">\n<figure class=\"aligncenter size-large\"><img loading=\"lazy\" decoding=\"async\" width=\"1024\" height=\"614\" src=\"https:\/\/mauriceandrecompetition.com\/wp-content\/uploads\/2026\/03\/Banniere-Maurice-Andre-5-1024x614.jpg\" alt=\"\" class=\"wp-image-990\" style=\"aspect-ratio:1.6678108581436077\" srcset=\"https:\/\/mauriceandrecompetition.com\/wp-content\/uploads\/2026\/03\/Banniere-Maurice-Andre-5-1024x614.jpg 1024w, https:\/\/mauriceandrecompetition.com\/wp-content\/uploads\/2026\/03\/Banniere-Maurice-Andre-5-300x180.jpg 300w, https:\/\/mauriceandrecompetition.com\/wp-content\/uploads\/2026\/03\/Banniere-Maurice-Andre-5-768x461.jpg 768w, https:\/\/mauriceandrecompetition.com\/wp-content\/uploads\/2026\/03\/Banniere-Maurice-Andre-5-1536x922.jpg 1536w, https:\/\/mauriceandrecompetition.com\/wp-content\/uploads\/2026\/03\/Banniere-Maurice-Andre-5-18x12.jpg 18w, https:\/\/mauriceandrecompetition.com\/wp-content\/uploads\/2026\/03\/Banniere-Maurice-Andre-5.jpg 2000w\" sizes=\"auto, (max-width: 706px) 89vw, (max-width: 767px) 82vw, 740px\" \/><\/figure>\n<\/div>","protected":false},"excerpt":{"rendered":"","protected":false},"author":1,"featured_media":0,"parent":0,"menu_order":0,"comment_status":"closed","ping_status":"closed","template":"","meta":{"footnotes":""},"class_list":["post-222","page","type-page","status-publish","hentry"],"_links":{"self":[{"href":"https:\/\/mauriceandrecompetition.com\/es\/wp-json\/wp\/v2\/pages\/222","targetHints":{"allow":["GET"]}}],"collection":[{"href":"https:\/\/mauriceandrecompetition.com\/es\/wp-json\/wp\/v2\/pages"}],"about":[{"href":"https:\/\/mauriceandrecompetition.com\/es\/wp-json\/wp\/v2\/types\/page"}],"author":[{"embeddable":true,"href":"https:\/\/mauriceandrecompetition.com\/es\/wp-json\/wp\/v2\/users\/1"}],"replies":[{"embeddable":true,"href":"https:\/\/mauriceandrecompetition.com\/es\/wp-json\/wp\/v2\/comments?post=222"}],"version-history":[{"count":145,"href":"https:\/\/mauriceandrecompetition.com\/es\/wp-json\/wp\/v2\/pages\/222\/revisions"}],"predecessor-version":[{"id":1002,"href":"https:\/\/mauriceandrecompetition.com\/es\/wp-json\/wp\/v2\/pages\/222\/revisions\/1002"}],"wp:attachment":[{"href":"https:\/\/mauriceandrecompetition.com\/es\/wp-json\/wp\/v2\/media?parent=222"}],"curies":[{"name":"wp","href":"https:\/\/api.w.org\/{rel}","templated":true}]}}