{"id":40,"date":"2014-05-25T18:11:10","date_gmt":"2014-05-25T18:11:10","guid":{"rendered":"http:\/\/demo.vivathemes.com\/themes\/indigo\/?page_id=40"},"modified":"2026-03-21T16:31:22","modified_gmt":"2026-03-21T15:31:22","slug":"apply-inscriptions","status":"publish","type":"page","link":"https:\/\/mauriceandrecompetition.com\/en\/apply-inscriptions\/","title":{"rendered":"Registrations"},"content":{"rendered":"<h1 style=\"text-align: center;\"><strong>8th Maurice Andr\u00e9 International Trumpet Competition<\/strong><\/h1>\n<h1 style=\"text-align: center;\"><strong data-rich-text-format-boundary=\"true\">\u00a0Paris, France<\/strong><\/h1>\n\n\n<p class=\"has-medium-font-size\">Entries for the Maurice Andr\u00e9 2027 International Trumpet Competition are now open.<\/p>\n\n\n\n<p class=\"has-medium-font-size\">Entry to the competition is subject to video pre-selection.<\/p>\n\n\n\n<h2 class=\"wp-block-heading has-black-color has-text-color has-link-color wp-elements-3e7cfbc2a4c9fa2479c51f5f813d626b\"><strong>Conditions of participation <\/strong><\/h2>\n\n\n\n<p>The competition is open to candidates of all nationalities.<\/p>\n\n\n\n<p>Candidates must be under thirty-one (31) years of age on 21 February 2027.<\/p>\n\n\n\n<p>Candidates under 18 years of age may take part in the competition provided they submit a written authorisation from one or more legal guardians, signed by the legal representative.<\/p>\n\n\n\n<h2 class=\"wp-block-heading has-black-color has-text-color has-link-color wp-elements-06f07c356fb9000bf3e2083c2be088cc\"><strong>Application form <\/strong><\/h2>\n\n\n\n<p>The application must be completed before&nbsp;<strong>15 October 2026<\/strong>&nbsp;and understand :<\/p>\n\n\n\n<ul class=\"wp-block-list\">\n<li>the completed and signed registration form<\/li>\n\n\n\n<li>a valid official identity document<\/li>\n\n\n\n<li>a detailed artistic curriculum vitae<\/li>\n\n\n\n<li>a recent professional photograph with instrument<\/li>\n\n\n\n<li>payment of the pre-registration fee<\/li>\n<\/ul>\n\n\n\n<p>Any application that is incomplete or late may be rejected.<\/p>\n\n\n\n<h2 class=\"wp-block-heading has-black-color has-text-color has-link-color wp-elements-e475382d4cb5c227892c6f52098957cd\"><strong>Fees<\/strong><\/h2>\n\n\n\n<p>The&nbsp;<strong>50 \u20ac<\/strong>&nbsp;is a non-refundable pre-registration fee.<\/p>\n\n\n\n<p>Candidates who are shortlisted will be required to pay an additional fee of&nbsp;<strong>150 \u20ac.<\/strong><\/p>\n\n\n\n<h2 class=\"wp-block-heading has-black-color has-text-color has-link-color wp-elements-0fe0c8bd0313539b24bd997116baf321\"><strong>Video preselection <\/strong><\/h2>\n\n\n\n<p>All applicants must send a link to a pre-selection video:<\/p>\n\n\n\n<p>\ud83d\udce7&nbsp;<strong><a>mauriceandrecompetition@misterproductions.com<\/a><\/strong><\/p>\n\n\n\n<p>\ud83d\udcc5 Deadline :&nbsp;<strong>15 October 2026<\/strong><\/p>\n\n\n\n<hr class=\"wp-block-separator has-alpha-channel-opacity\"\/>\n\n\n\n<h3 class=\"wp-block-heading\"><strong>Mail subject<\/strong><\/h3>\n\n\n\n<p>SURNAME - FIRST NAME \/ NATIONALITY \/ WORKS<\/p>\n\n\n\n<hr class=\"wp-block-separator has-alpha-channel-opacity\"\/>\n\n\n\n<h3 class=\"wp-block-heading\"><strong>Video content<\/strong><\/h3>\n\n\n\n<p>The video must :<\/p>\n\n\n\n<ul class=\"wp-block-list\">\n<li>contain the works requested in the first round<\/li>\n\n\n\n<li>be recorded in continuous takes (without editing)<\/li>\n\n\n\n<li>contain no sound processing<\/li>\n\n\n\n<li>are less than one year old<\/li>\n<\/ul>\n\n\n\n<p>Indicative maximum duration :&nbsp;<strong>12 minutes<\/strong><\/p>\n\n\n\n<hr class=\"wp-block-separator has-alpha-channel-opacity\"\/>\n\n\n\n<h3 class=\"wp-block-heading\"><strong>Technical conditions<\/strong><\/h3>\n\n\n\n<ul class=\"wp-block-list\">\n<li>link available online (YouTube, Vimeo, Drive...)<\/li>\n\n\n\n<li>link valid until&nbsp;<strong>15 November 2026<\/strong><\/li>\n<\/ul>\n\n\n\n<p>Any inaccessible link may result in the application being invalidated.<\/p>\n\n\n\n<hr class=\"wp-block-separator has-alpha-channel-opacity\"\/>\n\n\n\n<h2 class=\"wp-block-heading has-black-color has-text-color has-link-color has-medium-font-size wp-elements-fb1f1a4e8dd803eae74cde9c15b4f72c\"><strong>Results<\/strong><\/h2>\n\n\n\n<p>The results of the pre-selection will be announced no later than :<\/p>\n\n\n\n<p>\ud83d\udcc5&nbsp;<strong>15 November 2026<\/strong><\/p>\n\n\n\n<p class=\"has-small-font-size\"><em>The Maurice Andr\u00e9 International Trumpet Competition Team<mark style=\"background-color:rgba(0, 0, 0, 0);color:#be9d6e\" class=\"has-inline-color\"><\/mark><\/em><\/p>\n\n\n\n<div class=\"wp-block-buttons is-content-justification-center is-layout-flex wp-container-core-buttons-is-layout-16018d1d wp-block-buttons-is-layout-flex\">\n<div class=\"wp-block-button\"><a class=\"wp-block-button__link wp-element-button\" href=\"https:\/\/mauriceandrecompetition.com\/en\/apply-form\/\" target=\"_blank\" rel=\"noreferrer noopener\">REGISTER <\/a><\/div>\n<\/div>\n\n\n\n<div class=\"wp-block-buttons is-content-justification-center is-layout-flex wp-container-core-buttons-is-layout-16018d1d wp-block-buttons-is-layout-flex\">\n<div class=\"wp-block-button\"><a class=\"wp-block-button__link wp-element-button\" href=\"https:\/\/mauriceandrecompetition.com\/en\/faq\/\">FAQ<\/a><\/div>\n<\/div>\n\n\n\n<p><\/p>","protected":false},"excerpt":{"rendered":"<p>8\u00e8me \u00e9dition du Concours International de Trompette Maurice Andr\u00e9 \u00a0Paris, France Les inscriptions au Concours International de Trompette Maurice Andr\u00e9 2027 sont ouvertes. La participation au concours est soumise \u00e0 une pr\u00e9s\u00e9lection sur vid\u00e9o. Conditions de participation Le Concours est ouvert aux candidats de toutes nationalit\u00e9s. Les candidats doivent \u00eatre \u00e2g\u00e9s de moins de trente-et-un &hellip; <\/p>\n<p class=\"link-more\"><a href=\"https:\/\/mauriceandrecompetition.com\/en\/apply-inscriptions\/\" class=\"more-link\">Continue reading<span class=\"screen-reader-text\"> \u00ab\u00a0Inscriptions\u00a0\u00bb<\/span><\/a><\/p>","protected":false},"author":1,"featured_media":0,"parent":0,"menu_order":0,"comment_status":"closed","ping_status":"closed","template":"","meta":{"footnotes":""},"class_list":["post-40","page","type-page","status-publish","hentry"],"_links":{"self":[{"href":"https:\/\/mauriceandrecompetition.com\/en\/wp-json\/wp\/v2\/pages\/40","targetHints":{"allow":["GET"]}}],"collection":[{"href":"https:\/\/mauriceandrecompetition.com\/en\/wp-json\/wp\/v2\/pages"}],"about":[{"href":"https:\/\/mauriceandrecompetition.com\/en\/wp-json\/wp\/v2\/types\/page"}],"author":[{"embeddable":true,"href":"https:\/\/mauriceandrecompetition.com\/en\/wp-json\/wp\/v2\/users\/1"}],"replies":[{"embeddable":true,"href":"https:\/\/mauriceandrecompetition.com\/en\/wp-json\/wp\/v2\/comments?post=40"}],"version-history":[{"count":48,"href":"https:\/\/mauriceandrecompetition.com\/en\/wp-json\/wp\/v2\/pages\/40\/revisions"}],"predecessor-version":[{"id":1011,"href":"https:\/\/mauriceandrecompetition.com\/en\/wp-json\/wp\/v2\/pages\/40\/revisions\/1011"}],"wp:attachment":[{"href":"https:\/\/mauriceandrecompetition.com\/en\/wp-json\/wp\/v2\/media?parent=40"}],"curies":[{"name":"wp","href":"https:\/\/api.w.org\/{rel}","templated":true}]}}