{"id":310,"date":"2020-02-10T11:24:34","date_gmt":"2020-02-10T10:24:34","guid":{"rendered":"https:\/\/mauriceandrecompetition.com\/?page_id=310"},"modified":"2026-03-20T16:40:01","modified_gmt":"2026-03-20T15:40:01","slug":"program-jury","status":"publish","type":"page","link":"https:\/\/mauriceandrecompetition.com\/en\/program-jury\/","title":{"rendered":"Programme \/ Jury"},"content":{"rendered":"<figure class=\"wp-block-pullquote has-text-align-left has-medium-font-size\"><blockquote><p><strong>The Organisation undertakes to select the members of the jury and the candidates,<br>excluding any discrimination based on origin, sex, gender, sexual orientation, sexual orientation or any other grounds.<br>religious beliefs or any other characteristic protected by law.<\/strong><br><br>The Maurice Andr\u00e9 International Trumpet Competition 2027 is divided into four successive stages:<br><br>1. preselection on video,<br>2. first round (play-off),<br>3. semi-final (play-off),<br>4. finale with orchestra.<br>\u00a0<br>At the end of the semi-final, a maximum of three candidates will be admitted to the final.\u00a0<\/p><\/blockquote><\/figure>\n\n\n\n<h2 class=\"wp-block-heading has-black-color has-text-color has-link-color wp-elements-afc28437af58a23dc99f49952944af63\"><strong>Jury<\/strong><\/h2>\n\n\n\n<p class=\"has-text-align-left\">The jury for the 8th Maurice Andr\u00e9 International Trumpet Competition will be made up of leading international figures from the world of music.<\/p>\n\n\n\n<p><strong>The jury will be announced on 21 April.<\/strong><\/p>\n\n\n\n<p class=\"has-text-align-left\">The jury's decisions are final and not subject to appeal. <\/p>\n\n\n\n<h2 class=\"wp-block-heading has-black-color has-text-color has-link-color wp-elements-bed6fd49c97e6ba0504709d6616079e4\"><strong>Competition programme <\/strong><br><br>The Organisers will provide candidates with several official piano accompanists.<br>Candidates can :<br>- or use the official pianists of the Competition; ;<br>- or present themselves with their own pianist, provided they inform the Organisation as soon as they receive notification of their admission to the first round of the Competition.<\/h2>\n\n\n\n<h3 class=\"wp-block-heading\">Video pre-selection<\/h3>\n\n\n\n<p>All applicants must submit a link to an unedited pre-selection video by&nbsp;<strong>15 October 2026<\/strong>&nbsp;to the following address<\/p>\n\n\n\n<p><strong><a>mauriceandrecompetition@misterproductions.com<\/a><\/strong><\/p>\n\n\n\n<p>The video must include :<\/p>\n\n\n\n<ul class=\"wp-block-list\">\n<li>a work of your choice for trumpet in C from the first round ;<\/li>\n\n\n\n<li>a work of your choice for piccolo trumpet from the first round.&nbsp;<\/li>\n<\/ul>\n\n\n\n<p>The indicative maximum length of the video is&nbsp;<strong>12 minutes<\/strong>.<br>The recording must be taken continuously, without editing, cutting, sound modification or audio processing. It must be less than one year old and accompanied by piano music.<\/p>\n\n\n\n<h3 class=\"wp-block-heading\"><strong>First round<\/strong><\/h3>\n\n\n\n<p><strong>Maximum duration: 20 minutes<\/strong><\/p>\n\n\n\n<p>The programme includes :<\/p>\n\n\n\n<p><strong>1. A work of your choice for trumpet in C :<\/strong><\/p>\n\n\n\n<ul class=\"wp-block-list\">\n<li>Henri Tomasi,&nbsp;<em>Concerto for trumpet<\/em>&nbsp;(1st movement)<\/li>\n\n\n\n<li>Jean Fran\u00e7aix,&nbsp;<em>Sonatine<\/em><\/li>\n<\/ul>\n\n\n\n<p><strong>2. A work of your choice for piccolo trumpet :<\/strong><\/p>\n\n\n\n<ul class=\"wp-block-list\">\n<li>Georg Philipp Telemann,&nbsp;<em>Concerto in D major<\/em>, 1st movement (Adagio), TWV 51:D7<\/li>\n\n\n\n<li>Leopold Mozart,&nbsp;<em>Concerto in D major<\/em>, 1st movement (Adagio), LMW IX:13&nbsp;<\/li>\n<\/ul>\n\n\n\n<p><strong>3. The 2027 competition commission for Bb trumpet<\/strong><\/p>\n\n\n\n<p>The order scores will be sent to the selected candidates&nbsp;<strong>no later than 21 December 2026<\/strong>.<\/p>\n\n\n\n<h3 class=\"wp-block-heading\"><strong>Semi-final<\/strong><\/h3>\n\n\n\n<p><strong>Maximum duration: 25 minutes<\/strong><\/p>\n\n\n\n<p>The programme includes :<\/p>\n\n\n\n<p><strong>1. A work for piccolo trumpet :<\/strong><\/p>\n\n\n\n<ul class=\"wp-block-list\">\n<li>Johann Wilhelm Hertel, Concerto No.1 in E-flat Major<\/li>\n<\/ul>\n\n\n\n<p><strong>2. A work of your choice for Bb trumpet or Bb cornet:<\/strong><\/p>\n\n\n\n<ul class=\"wp-block-list\">\n<li>Jean-Baptiste Arban,&nbsp;<em>Variations on the Venice Carnival<\/em> (without introduction)*<\/li>\n\n\n\n<li>Jean-Baptiste Arban,&nbsp;<em>Theme and variations on Norma<\/em> (Bellini)**<\/li>\n\n\n\n<li>Jean-Baptiste Arban,&nbsp;<em>Theme and variations on the Tyrolean traverse<\/em>**<\/li>\n<\/ul>\n\n\n\n<p>*Piano accompaniment: Marc Reift edition<br>**Piano accompaniments: Carl Fischer Music edition<\/p>\n\n\n\n<p><strong>3. A compulsory work, on an instrument chosen by the candidate:<\/strong><\/p>\n\n\n\n<ul class=\"wp-block-list\">\n<li>Edward Elgar,&nbsp;<em>Love salute<\/em>, tone and edition of the candidate's choice<\/li>\n\n\n\n<li>Alexandre Glazunov,&nbsp;<em>Albumblatt<\/em><\/li>\n\n\n\n<li>Fritz Kreisler,&nbsp;<em>Liebesleid<\/em>, tone and edition of the candidate's choice<\/li>\n\n\n\n<li>Sergei Rachmaninov,&nbsp;<em>Vocalise<\/em>, op. 34 n\u00b014, key and edition to be chosen by the candidate<\/li>\n<\/ul>\n\n\n\n<p>Piano accompaniment will be provided by the competition's official pianists.<\/p>\n\n\n\n<h3 class=\"wp-block-heading\"><strong>Finale with orchestra<\/strong><\/h3>\n\n\n\n<p>The finalists perform a programme with orchestra including :<\/p>\n\n\n\n<ul class=\"wp-block-list\">\n<li>Johann Nepomuk Hummel, trumpet concerto in E flat major (version performed with the Orchestra: Kalmus edition) ;<\/li>\n\n\n\n<li>Alfred Desenclos,&nbsp;<em>Incantation, Threne and Dance<\/em>.&nbsp;<\/li>\n<\/ul>\n\n\n\n<p>The final will be supported by&nbsp;<strong>the Garde R\u00e9publicaine Symphony Orchestra<\/strong>.&nbsp;<\/p>\n\n\n\n<p>The finalists will be able to rehearse with the orchestra the day before the final on&nbsp;<strong>20 February 2027<\/strong>, at times to be announced.<\/p>\n\n\n\n<h2 class=\"wp-block-heading has-black-color has-text-color has-link-color wp-elements-fc5f977e52c8758c735ffc5ab9515a1c\"><strong>Prices<\/strong><\/h2>\n\n\n\n<h3 class=\"wp-block-heading\">Main prices<\/h3>\n\n\n\n<ul class=\"wp-block-list\">\n<li><strong>Maurice Andr\u00e9 Grand Prix<\/strong>&nbsp;12,000 euros <\/li>\n\n\n\n<li><strong>Second Prize<\/strong>&nbsp;6,000 euros <\/li>\n\n\n\n<li><strong>Third Prize<\/strong>&nbsp;3,000 euros <\/li>\n<\/ul>\n\n\n\n<h3 class=\"wp-block-heading\">Special prizes<\/h3>\n\n\n\n<ul class=\"wp-block-list\">\n<li><strong>Audience Award<\/strong><\/li>\n\n\n\n<li><strong>Special Jury Prizes<\/strong><\/li>\n<\/ul>\n\n\n\n<p>In addition to the prize money, the winners of the Competition may be awarded additional prizes, such as instruments and\/or touring and\/or concert engagements, as determined by the Organisation.<\/p>\n\n\n\n<h2 class=\"wp-block-heading has-text-align-center has-large-font-size\">For more information<\/h2>\n\n\n\n<div class=\"wp-block-buttons is-content-justification-center is-layout-flex wp-container-core-buttons-is-layout-16018d1d wp-block-buttons-is-layout-flex\">\n<div class=\"wp-block-button has-custom-width wp-block-button__width-25\"><a class=\"wp-block-button__link wp-element-button\" href=\"https:\/\/mauriceandrecompetition.com\/en\/faq\/\">FAQ<\/a><\/div>\n<\/div>\n\n\n\n<p><\/p>","protected":false},"excerpt":{"rendered":"<p>L\u2019Organisation s\u2019engage \u00e0 proc\u00e9der \u00e0 la s\u00e9lection des membres du jury et des candidats,en excluant toute discrimination fond\u00e9e notamment sur l\u2019origine, le sexe, le genre, lesconvictions religieuses ou toute autre caract\u00e9ristique prot\u00e9g\u00e9e par la loi. Le Concours International de Trompette Maurice Andr\u00e9 2027 se d\u00e9roule en quatre \u00e9tapes successives : 1. pr\u00e9s\u00e9lection sur vid\u00e9o,2. premier &hellip; <\/p>\n<p class=\"link-more\"><a href=\"https:\/\/mauriceandrecompetition.com\/en\/program-jury\/\" class=\"more-link\">Continue reading<span class=\"screen-reader-text\"> \u00ab\u00a0Programme \/ Jury\u00a0\u00bb<\/span><\/a><\/p>","protected":false},"author":1,"featured_media":0,"parent":0,"menu_order":0,"comment_status":"closed","ping_status":"closed","template":"","meta":{"footnotes":""},"class_list":["post-310","page","type-page","status-publish","hentry"],"_links":{"self":[{"href":"https:\/\/mauriceandrecompetition.com\/en\/wp-json\/wp\/v2\/pages\/310","targetHints":{"allow":["GET"]}}],"collection":[{"href":"https:\/\/mauriceandrecompetition.com\/en\/wp-json\/wp\/v2\/pages"}],"about":[{"href":"https:\/\/mauriceandrecompetition.com\/en\/wp-json\/wp\/v2\/types\/page"}],"author":[{"embeddable":true,"href":"https:\/\/mauriceandrecompetition.com\/en\/wp-json\/wp\/v2\/users\/1"}],"replies":[{"embeddable":true,"href":"https:\/\/mauriceandrecompetition.com\/en\/wp-json\/wp\/v2\/comments?post=310"}],"version-history":[{"count":86,"href":"https:\/\/mauriceandrecompetition.com\/en\/wp-json\/wp\/v2\/pages\/310\/revisions"}],"predecessor-version":[{"id":997,"href":"https:\/\/mauriceandrecompetition.com\/en\/wp-json\/wp\/v2\/pages\/310\/revisions\/997"}],"wp:attachment":[{"href":"https:\/\/mauriceandrecompetition.com\/en\/wp-json\/wp\/v2\/media?parent=310"}],"curies":[{"name":"wp","href":"https:\/\/api.w.org\/{rel}","templated":true}]}}