{"id":1025,"date":"2026-04-21T10:00:00","date_gmt":"2026-04-21T08:00:00","guid":{"rendered":"https:\/\/mauriceandrecompetition.com\/?page_id=1025"},"modified":"2026-04-21T09:47:32","modified_gmt":"2026-04-21T07:47:32","slug":"a-propos","status":"publish","type":"page","link":"https:\/\/mauriceandrecompetition.com\/en\/a-propos\/","title":{"rendered":"About"},"content":{"rendered":"<h2 class=\"wp-block-heading\"><strong>Words from Maurice Andr\u00e9's children <br><\/strong><\/h2>\n\n\n\n<div class=\"wp-block-group\"><div class=\"wp-block-group__inner-container is-layout-flow wp-block-group-is-layout-flow\">\n<p>\u00ab\u00a0<strong>Ever since its inception, the Maurice Andr\u00e9 International Trumpet Competition has borne more than just a name: it embodies a standard, a vision of music, and a profoundly human and artistic legacy, which was of paramount importance to our father.<\/strong><\/p>\n\n\n\n<p><strong>Today, his heirs, Nicolas Andr\u00e9 and B\u00e9atrice Andr\u00e9, both involved in the music world, continue this mission with fidelity and responsibility. Invested in the life of the competition \u2013 notably through Nicolas Andr\u00e9's participation as a jury member \u2013 they ensure the preservation of the spirit and standards that have always guided this great institution.<\/strong><\/p>\n\n\n\n<p><strong>When the question of bringing the competition back to life arose, it was on Ibrahim Maalouf's initiative, and following his discussions with Nicolas and B\u00e9atrice Andr\u00e9, that the project took shape. This approach, driven by a sincere desire for transmission and renewal, immediately found a favourable response within our family.<\/strong><\/p>\n\n\n\n<p><strong>We wish to state clearly that this revival of the Maurice Andr\u00e9 International Trumpet Competition is being done with the full and complete agreement of his heirs, who are now fully partners. This project is based on close collaboration between Nicolas Andr\u00e9, B\u00e9atrice Andr\u00e9, and Ibrahim Maalouf, united by the same artistic and human vision.<\/strong><\/p>\n\n\n\n<p><strong>Ibrahim is not only the internationally renowned artist that the general public knows today. He is also a musician deeply rooted in the classical trumpet tradition, trained at the Conservatoire National Sup\u00e9rieur de Musique de Paris under Antoine Cur\u00e9, after beginning his studies with G\u00e9rard Boulanger. His excellent achievements, his pedagogical commitment and his dedication to passing on his knowledge make him a legitimate and deeply committed figure in this renaissance.<\/strong><\/p>\n\n\n\n<p><strong>We also remember that he himself was recognised in one of the last editions of the competition, in 2003, thus marking a strong and symbolic link with this institution.<\/strong><\/p>\n\n\n\n<p><strong>Beyond individual journeys, this competition today brings together renowned trumpeters, who will form an excellent jury and support the candidates with demanding care and kindness. More than ever, it serves as an essential stepping stone for the younger generations of trumpeters, who are destined to become the great artists of tomorrow.<\/strong><\/p>\n\n\n\n<p><strong>But this story is also profoundly human. The link between our families goes back several decades, when Maurice Andr\u00e9 played a crucial role in the journey of Nassim Maalouf, Ibrahim\u2019s father. From his studies in France to his research on the quarter-tone trumpet, to the support provided during the most difficult moments of the Lebanese civil war, this relationship has been marked by solidarity, the passing on of knowledge, and friendship.<\/strong><\/p>\n\n\n\n<p><strong>It is this artistic and human lineage that finds new expression today in the renaissance of the competition.<\/strong><\/p>\n\n\n\n<p><strong>We are deeply admire Ibrahim Maalouf's commitment, alongside Nicolas and B\u00e9atrice Andr\u00e9, to reviving this competition \u2014 a rare artistic, human, and financial commitment, in service of a demanding and generous vision.<\/strong><\/p>\n\n\n\n<p><strong>We know that our father would have been touched by this approach, this collaboration, and this desire to keep alive, together, a legacy that was so dear to him.<\/strong><\/p>\n\n\n\n<p><strong>To bring the Maurice Andr\u00e9 International Trumpet Competition back to life is to prolong a history, affirm a continuity, and offer future generations a framework of excellence where the talents of tomorrow can blossom.<\/strong>\u00a0\u00bb <br><br>\u2013 B\u00e9atrice and Nicolas ANDR\u00c9<\/p>\n<\/div><\/div>","protected":false},"excerpt":{"rendered":"<p>Mots des enfants de Maurice Andr\u00e9 \u00ab\u00a0Depuis toujours, le Concours International de Trompette Maurice Andr\u00e9 porte bien plus qu\u2019un nom : il incarne une exigence, une vision de la musique et une transmission profond\u00e9ment humaine et artistique, \u00e0 laquelle notre p\u00e8re tenait plus que tout. Aujourd\u2019hui, ses h\u00e9ritiers, Nicolas Andr\u00e9 et B\u00e9atrice Andr\u00e9, tous deux &hellip; <\/p>\n<p class=\"link-more\"><a href=\"https:\/\/mauriceandrecompetition.com\/en\/a-propos\/\" class=\"more-link\">Continue reading<span class=\"screen-reader-text\"> \u00ab\u00a0\u00c0 propos\u00a0\u00bb<\/span><\/a><\/p>","protected":false},"author":1,"featured_media":0,"parent":0,"menu_order":0,"comment_status":"closed","ping_status":"closed","template":"","meta":{"footnotes":""},"class_list":["post-1025","page","type-page","status-publish","hentry"],"_links":{"self":[{"href":"https:\/\/mauriceandrecompetition.com\/en\/wp-json\/wp\/v2\/pages\/1025","targetHints":{"allow":["GET"]}}],"collection":[{"href":"https:\/\/mauriceandrecompetition.com\/en\/wp-json\/wp\/v2\/pages"}],"about":[{"href":"https:\/\/mauriceandrecompetition.com\/en\/wp-json\/wp\/v2\/types\/page"}],"author":[{"embeddable":true,"href":"https:\/\/mauriceandrecompetition.com\/en\/wp-json\/wp\/v2\/users\/1"}],"replies":[{"embeddable":true,"href":"https:\/\/mauriceandrecompetition.com\/en\/wp-json\/wp\/v2\/comments?post=1025"}],"version-history":[{"count":1,"href":"https:\/\/mauriceandrecompetition.com\/en\/wp-json\/wp\/v2\/pages\/1025\/revisions"}],"predecessor-version":[{"id":1026,"href":"https:\/\/mauriceandrecompetition.com\/en\/wp-json\/wp\/v2\/pages\/1025\/revisions\/1026"}],"wp:attachment":[{"href":"https:\/\/mauriceandrecompetition.com\/en\/wp-json\/wp\/v2\/media?parent=1025"}],"curies":[{"name":"wp","href":"https:\/\/api.w.org\/{rel}","templated":true}]}}